{"id":896,"date":"2020-12-23T14:35:42","date_gmt":"2020-12-23T14:35:42","guid":{"rendered":"https:\/\/new.piscinawellness.it\/index.php\/sauna-infra-e-kuqe\/"},"modified":"2021-02-02T16:42:54","modified_gmt":"2021-02-02T16:42:54","slug":"sauna-infra-e-kuqe","status":"publish","type":"page","link":"https:\/\/pishinawellness.com\/index.php\/sauna-infra-e-kuqe\/","title":{"rendered":"Sauna Infra e Kuqe"},"content":{"rendered":"<div class=\"wpb-content-wrapper\"><p>[vc_row full_width=&#8221;stretch_row_content&#8221; bg_type=&#8221;bg_color&#8221; bg_override=&#8221;ex-full&#8221; bg_color_value=&#8221;rgba(183,184,187,0.2)&#8221; css=&#8221;.vc_custom_1605109971927{padding-top: 30px !important;padding-bottom: 30px !important;}&#8221;][vc_column width=&#8221;1\/2&#8243;][vc_single_image image=&#8221;2494&#8243; img_size=&#8221;1024&#215;450&#8243; alignment=&#8221;center&#8221;][\/vc_column][vc_column width=&#8221;1\/2&#8243;]<div class=\"ult-content-box-container box_class\" >\t\t<div class=\"ult-content-box\" style=\"box-shadow: px px px px none;-webkit-transition: all 700ms ease;-moz-transition: all 700ms ease;-ms-transition: all 700ms ease;-o-transition: all 700ms ease;transition: all 700ms ease;\"  data-hover_box_shadow=\"none\"    >[vc_row_inner][vc_column_inner width=&#8221;1\/12&#8243;][\/vc_column_inner][vc_column_inner width=&#8221;3\/4&#8243;][vc_empty_space height=&#8221;15px&#8221;][vc_column_text]Sauna infra e kuqe \u00ebsht\u00eb nj\u00eb shpikje e koh\u00ebve t\u00eb fundit pasi ajo mund t\u00eb punoj vet\u00ebm me energji elektrike. N\u00eb vitin 1800, Dr. John Harvey Kellogg nga Michigan krijoi at\u00eb q\u00eb ai e quajti nj\u00eb \u201cdush elektrik me drit\u00eb\u201d i p\u00ebrb\u00ebr\u00eb nga llamba t\u00eb lehta, rreth koh\u00ebs (q\u00eb l\u00ebshonin shum\u00eb drit\u00eb af\u00ebr infra t\u00eb kuqes).<\/p>\n<p>Si funksionojn\u00eb saunat infra t\u00eb kuqe?<br \/>\nSpektrat infra t\u00eb kuqe mund t\u00eb ndikojn\u00eb n\u00eb m\u00ebnyr\u00eb unike dhe pozitive n\u00eb qelizat dhe organet n\u00eb nj\u00eb m\u00ebnyr\u00eb q\u00eb saunat tradicionale t\u00eb nxehta nuk munden. Nd\u00ebrsa saunat tradicionale ngrohin ajrin ose avullin p\u00ebr t\u00eb ngrohur trupin, saunat infra t\u00eb kuqe p\u00ebrdorin drit\u00ebn e padukshme vet\u00ebm n\u00ebn frekuencat e drit\u00ebs s\u00eb kuqe p\u00ebr t\u00eb dep\u00ebrtuar dhe ngrohur indet direkt n\u00eb nj\u00eb thell\u00ebsi deri n\u00eb 1.5 in\u00e7 n\u00eb l\u00ebkur\u00eb.<\/p>\n<p>Megjith\u00ebse syt\u00eb tan\u00eb nuk mund ta shohin at\u00eb, ne mund ta ndiejm\u00eb at\u00eb si ngrohje t\u00eb but\u00eb. Mekanizmi me t\u00eb cilin funksionon sauna me infra t\u00eb kuqe quhet photobiomodulation q\u00eb do t\u00eb thot\u00eb nj\u00eb form\u00eb e terapis\u00eb q\u00eb p\u00ebrdor drit\u00ebn.[\/vc_column_text][\/vc_column_inner][\/vc_row_inner]\t\t<\/div><\/div>[\/vc_column][\/vc_row][vc_row full_width=&#8221;stretch_row_content&#8221; bg_type=&#8221;bg_color&#8221; bg_override=&#8221;ex-full&#8221; bg_color_value=&#8221;rgba(183,184,187,0.2)&#8221; css=&#8221;.vc_custom_1605109971927{padding-top: 30px !important;padding-bottom: 30px !important;}&#8221;][vc_column width=&#8221;1\/2&#8243;]<div class=\"ult-content-box-container box_class\" >\t\t<div class=\"ult-content-box\" style=\"box-shadow: px px px px none;-webkit-transition: all 700ms ease;-moz-transition: all 700ms ease;-ms-transition: all 700ms ease;-o-transition: all 700ms ease;transition: all 700ms ease;\"  data-hover_box_shadow=\"none\"    >[vc_row_inner][vc_column_inner width=&#8221;1\/12&#8243;][\/vc_column_inner][vc_column_inner width=&#8221;3\/4&#8243;][vc_column_text]<\/p>\n<div class=\"wpb_text_column wpb_content_element \">\n<div class=\"wpb_wrapper\">\n<div class=\"wpb_text_column wpb_content_element \">\n<div class=\"wpb_wrapper\">\n<p><strong>P\u00ebrfitimet<\/strong><\/p>\n<\/div>\n<\/div>\n<div class=\"wpb_text_column wpb_content_element \">\n<div class=\"wpb_wrapper\">\n<ul>\n<li><em><strong>Nxitja e proteinave t\u00eb nxeht\u00ebsis\u00eb <\/strong>\u2013 Mund t\u2019i mbaj\u00eb komponent\u00ebt e qelizave t\u00eb funksionojn\u00eb m\u00eb gjat\u00eb. Parandalon qelizat nga d\u00ebmtimet duke pastruar radikal\u00ebt e lir\u00eb dhe duke rritur antioksiduesit qelizor si glukoz\u00ebn. Disa proteina t\u00eb nxeht\u00ebsis\u00eb mund t\u00eb ndihmojn\u00eb edhe n\u00eb rritjen e muskujve.<\/em><\/li>\n<li><strong><em>Imiton st\u00ebrvitjen kardiovaskulare <\/em><\/strong>\u2013 P\u00ebrdorimi i saunas infra t\u00eb kuqe nxit qarkullimin e gjakut, djersitjen dhe palestr\u00ebn kardiovaskulare, gjithashtu \u00e7on n\u00eb nj\u00eb ndjesi relaksi.<\/li>\n<li><em><strong>P\u00ebrmir\u00ebson funksionin e trurit<\/strong> \u2013 Sauna mund t\u00eb rris\u00eb fuqish\u00ebm hormonet e rritjes, t\u00eb nxis\u00eb rritjen e qelizave t\u00eb reja t\u00eb trurit. Ajo rrit BDNF dhe neurotransmetuesit e tjer\u00eb q\u00eb ndihmojn\u00eb trurin t\u00eb funksionoj sa m\u00eb mir\u00eb dhe stimulon rritjen e qelizave t\u00eb reja t\u00eb trurit.<\/em><\/li>\n<li><strong><em>Zvog\u00eblimi i stresit <\/em><\/strong>\u2013 Saunat ndihmojn\u00eb t\u00eb relaksoheni dhe t\u00eb b\u00ebheni m\u00eb t\u00eb duruesh\u00ebm.<\/li>\n<\/ul>\n<\/div>\n<\/div>\n<\/div>\n<\/div>\n<p>[\/vc_column_text][\/vc_column_inner][\/vc_row_inner]\t\t<\/div><\/div>[\/vc_column][vc_column width=&#8221;1\/2&#8243;][vc_single_image image=&#8221;2497&#8243; img_size=&#8221;1024&#215;450&#8243; alignment=&#8221;center&#8221;][\/vc_column][\/vc_row][vc_row full_width=&#8221;stretch_row_content&#8221;][vc_column css=&#8221;.vc_custom_1604485950044{padding-top: 70px !important;padding-bottom: 70px !important;}&#8221;][vc_custom_heading text=&#8221;REALIZIMI I SAUNA INFRA T\u00cb KUQE N\u00cb HOTELE &amp; RESORTE I SHTON VLERA AMBJENTIT TUAJ.&#8221; font_container=&#8221;tag:h3|text_align:center|color:%235f6263&#8243; use_theme_fonts=&#8221;yes&#8221;][vc_separator color=&#8221;custom&#8221; el_width=&#8221;20&#8243; accent_color=&#8221;#5f6263&#8243;]<div id=\"ult-carousel-197253725269d2b672e04b8\" class=\"ult-carousel-wrapper   ult_horizontal\" data-gutter=\"15\" data-rtl=\"false\" ><div class=\"ult-carousel-105794704869d2b672e03ab \" >[vc_single_image image=&#8221;2500&#8243; img_size=&#8221;full&#8221;][vc_single_image image=&#8221;2503&#8243; img_size=&#8221;full&#8221;][vc_single_image image=&#8221;2506&#8243; img_size=&#8221;full&#8221;][vc_single_image image=&#8221;2522&#8243; img_size=&#8221;full&#8221;][vc_single_image image=&#8221;2513&#8243; img_size=&#8221;full&#8221;][vc_single_image image=&#8221;2525&#8243; img_size=&#8221;full&#8221;][vc_single_image image=&#8221;2516&#8243; img_size=&#8221;full&#8221;]<\/div><\/div>\t\t\t<script type=\"text\/javascript\">\n\t\t\t\tjQuery(document).ready(function ($) {\n\t\t\t\t\tif( typeof jQuery('.ult-carousel-105794704869d2b672e03ab').slick == \"function\"){\n\t\t\t\t\t\t$('.ult-carousel-105794704869d2b672e03ab').slick({dots: true,autoplay: true,autoplaySpeed: \"5000\",speed: \"300\",infinite: true,arrows: false,slidesToScroll:3,slidesToShow:3,swipe: true,draggable: true,touchMove: true,pauseOnHover: true,pauseOnFocus: false,responsive: [\n\t\t\t\t\t\t\t{\n\t\t\t\t\t\t\t  breakpoint: 1026,\n\t\t\t\t\t\t\t  settings: {\n\t\t\t\t\t\t\t\tslidesToShow: 3,\n\t\t\t\t\t\t\t\tslidesToScroll: 3,  \n\t\t\t\t\t\t\t  }\n\t\t\t\t\t\t\t},\n\t\t\t\t\t\t\t{\n\t\t\t\t\t\t\t  breakpoint: 1025,\n\t\t\t\t\t\t\t  settings: {\n\t\t\t\t\t\t\t\tslidesToShow: 2,\n\t\t\t\t\t\t\t\tslidesToScroll: 2\n\t\t\t\t\t\t\t  }\n\t\t\t\t\t\t\t},\n\t\t\t\t\t\t\t{\n\t\t\t\t\t\t\t  breakpoint: 760,\n\t\t\t\t\t\t\t  settings: {\n\t\t\t\t\t\t\t\tslidesToShow: 1,\n\t\t\t\t\t\t\t\tslidesToScroll: 1\n\t\t\t\t\t\t\t  }\n\t\t\t\t\t\t\t}\n\t\t\t\t\t\t],pauseOnDotsHover: true,customPaging: function(slider, i) {\n                   return '<i type=\"button\" style= \"color:#5f6263;\" class=\"ultsl-radio-checked\" data-role=\"none\"><\/i>';\n                },});\n\t\t\t\t\t}\n\t\t\t\t});\n\t\t\t<\/script>\n\t\t\t[\/vc_column][\/vc_row]<\/p>\n<\/div>","protected":false},"excerpt":{"rendered":"<p>[vc_row full_width=&#8221;stretch_row_content&#8221; bg_type=&#8221;bg_color&#8221; bg_override=&#8221;ex-full&#8221; bg_color_value=&#8221;rgba(183,184,187,0.2)&#8221; css=&#8221;.vc_custom_1605109971927{padding-top: 30px !important;padding-bottom: 30px !important;}&#8221;][vc_column width=&#8221;1\/2&#8243;][vc_single_image image=&#8221;2494&#8243; img_size=&#8221;1024&#215;450&#8243; alignment=&#8221;center&#8221;][\/vc_column][vc_column width=&#8221;1\/2&#8243;][\/vc_column][\/vc_row][vc_row full_width=&#8221;stretch_row_content&#8221; bg_type=&#8221;bg_color&#8221; bg_override=&#8221;ex-full&#8221; bg_color_value=&#8221;rgba(183,184,187,0.2)&#8221; css=&#8221;.vc_custom_1605109971927{padding-top: 30px !important;padding-bottom: 30px !important;}&#8221;][vc_column width=&#8221;1\/2&#8243;][\/vc_column][vc_column width=&#8221;1\/2&#8243;][vc_single_image image=&#8221;2497&#8243; img_size=&#8221;1024&#215;450&#8243; alignment=&#8221;center&#8221;][\/vc_column][\/vc_row][vc_row full_width=&#8221;stretch_row_content&#8221;][vc_column css=&#8221;.vc_custom_1604485950044{padding-top: 70px !important;padding-bottom: 70px !important;}&#8221;][vc_custom_heading text=&#8221;REALIZIMI I SAUNA INFRA T\u00cb KUQE N\u00cb HOTELE &amp; RESORTE I SHTON VLERA AMBJENTIT TUAJ.&#8221; font_container=&#8221;tag:h3|text_align:center|color:%235f6263&#8243; use_theme_fonts=&#8221;yes&#8221;][vc_separator color=&#8221;custom&#8221; el_width=&#8221;20&#8243; accent_color=&#8221;#5f6263&#8243;][\/vc_column][\/vc_row]<\/p>\n","protected":false},"author":1,"featured_media":0,"parent":0,"menu_order":0,"comment_status":"closed","ping_status":"closed","template":"","meta":{"footnotes":""},"class_list":["post-896","page","type-page","status-publish","hentry","description-off"],"_links":{"self":[{"href":"https:\/\/pishinawellness.com\/index.php\/wp-json\/wp\/v2\/pages\/896","targetHints":{"allow":["GET"]}}],"collection":[{"href":"https:\/\/pishinawellness.com\/index.php\/wp-json\/wp\/v2\/pages"}],"about":[{"href":"https:\/\/pishinawellness.com\/index.php\/wp-json\/wp\/v2\/types\/page"}],"author":[{"embeddable":true,"href":"https:\/\/pishinawellness.com\/index.php\/wp-json\/wp\/v2\/users\/1"}],"replies":[{"embeddable":true,"href":"https:\/\/pishinawellness.com\/index.php\/wp-json\/wp\/v2\/comments?post=896"}],"version-history":[{"count":4,"href":"https:\/\/pishinawellness.com\/index.php\/wp-json\/wp\/v2\/pages\/896\/revisions"}],"predecessor-version":[{"id":2528,"href":"https:\/\/pishinawellness.com\/index.php\/wp-json\/wp\/v2\/pages\/896\/revisions\/2528"}],"wp:attachment":[{"href":"https:\/\/pishinawellness.com\/index.php\/wp-json\/wp\/v2\/media?parent=896"}],"curies":[{"name":"wp","href":"https:\/\/api.w.org\/{rel}","templated":true}]}}