{"id":816,"date":"2020-12-28T14:03:25","date_gmt":"2020-12-28T14:03:25","guid":{"rendered":"https:\/\/new.piscinawellness.it\/index.php\/fuorisalone-milano-2019\/"},"modified":"2021-01-08T10:45:17","modified_gmt":"2021-01-08T10:45:17","slug":"fuorisalone-milano-2019","status":"publish","type":"page","link":"https:\/\/pishinawellness.com\/index.php\/fuorisalone-milano-2019\/","title":{"rendered":"Fuorisalone, Milano 2019"},"content":{"rendered":"<div class=\"wpb-content-wrapper\"><p>[vc_row full_width=&#8221;stretch_row_content&#8221; bg_type=&#8221;bg_color&#8221; bg_override=&#8221;ex-full&#8221; bg_color_value=&#8221;rgba(183,184,187,0.2)&#8221; css=&#8221;.vc_custom_1605109971927{padding-top: 30px !important;padding-bottom: 30px !important;}&#8221;][vc_column width=&#8221;1\/2&#8243;][vc_single_image image=&#8221;817&#8243; img_size=&#8221;1024&#215;450&#8243; alignment=&#8221;center&#8221;][\/vc_column][vc_column width=&#8221;1\/2&#8243;]<div class=\"ult-content-box-container box_class\" >\t\t<div class=\"ult-content-box\" style=\"box-shadow: px px px px none;-webkit-transition: all 700ms ease;-moz-transition: all 700ms ease;-ms-transition: all 700ms ease;-o-transition: all 700ms ease;transition: all 700ms ease;\"  data-hover_box_shadow=\"none\"    >[vc_row_inner][vc_column_inner width=&#8221;1\/12&#8243;][\/vc_column_inner][vc_column_inner width=&#8221;3\/4&#8243;][vc_empty_space height=&#8221;40px&#8221;][vc_column_text]<\/p>\n<p style=\"text-align: justify; font-family: Futura PT Multilingual W02,Futura PT Multilingual W10,Helvetica,Arial,sans-serif !important;\">Piscina Wellness, kompani leader n\u00eb sektorin e Wellness-it, i ofron njeriut bashk\u00ebkohor, hap\u00ebsira t\u00eb favorshme p\u00ebr mir\u00ebq\u00ebnien e tij fizike dhe mentale, relaksimin dhe rigjenerimin. Piscina Wellness realizon qendra Wellness-i, Spa dhe Pishina duke i konceptuar ato si vepra t\u00eb v\u00ebrteta arti, teknologjiksht t\u00eb avancuara, t\u00eb cilat theksojn\u00eb cil\u00ebsin\u00eb e materialeve italiane. P\u00ebrmes bashk\u00ebpunimeve t\u00eb shumta me arkitekt\u00eb dhe dizajner nd\u00ebrkomb\u00ebtar\u00eb, Piscina Wellness, i ofron klient\u00ebve t\u00eb saj zgjidhje tailor-made dhe t\u00eb p\u00ebrshtatshme p\u00eb t\u2019iu p\u00ebrgjigjur konkretisht k\u00ebrkesave t\u00eb njeriut t\u00eb sotsh\u00ebm.<\/p>\n<p style=\"text-align: justify; font-family: Futura PT Multilingual W02,Futura PT Multilingual W10,Helvetica,Arial,sans-serif !important;\">Nga marr\u00ebveshja me Arkitektin Simone Micheli, merr form\u00eb STELLA: nj\u00eb modul inovativ, funksional dhe smart i cili bashkon saun\u00ebn, banjon turke dhe dushin emocional s\u00eb bashku me element\u00eb t\u00eb tjer\u00eb t\u00eb arredimit (krevat\u00eb, tavolina t\u00eb l\u00ebvizsshme, stola, rafte) esencial\u00eb p\u00ebr nj\u00eb ambjent wellness-i q\u00eb ka si q\u00ebllim t\u00eb vendos\u00eb njeriun n\u00eb q\u00ebnd\u00ebr t\u00eb hap\u00ebsir\u00ebs dhe jasht\u00eb rrjedh\u00ebs s\u00eb p\u00ebrditshme. Komponent\u00eb fleksib\u00ebl, modular\u00eb dhe leht\u00ebsisht t\u00eb transportuesh\u00ebm p\u00ebrb\u00ebjn\u00eb modulin STELLA, n\u00eb m\u00ebnyr\u00eb t\u00eb till\u00eb q\u00eb edhe na faza montimi dhe \u00e7montimi t\u00eb jet\u00eb i thjesht\u00eb, i shpejt\u00eb dhe i realizuesh\u00ebm n\u00eb \u00e7do tipologji ambienti<\/p>\n<p>[\/vc_column_text][\/vc_column_inner][\/vc_row_inner]\t\t<\/div><\/div>[\/vc_column][\/vc_row][vc_row full_width=&#8221;stretch_row_content&#8221;][vc_column css=&#8221;.vc_custom_1604485950044{padding-top: 70px !important;padding-bottom: 70px !important;}&#8221;]<div id=\"ult-carousel-207956893769d2b6abcd387\" class=\"ult-carousel-wrapper   ult_horizontal\" data-gutter=\"15\" data-rtl=\"false\" ><div class=\"ult-carousel-38665126969d2b6abcd27f \" >[vc_single_image image=&#8221;820&#8243; img_size=&#8221;full&#8221;][vc_single_image image=&#8221;821&#8243; img_size=&#8221;full&#8221;][vc_single_image image=&#8221;822&#8243; img_size=&#8221;full&#8221;][vc_single_image image=&#8221;823&#8243; img_size=&#8221;full&#8221;][vc_single_image image=&#8221;824&#8243; img_size=&#8221;full&#8221;][vc_single_image image=&#8221;825&#8243; img_size=&#8221;full&#8221;][vc_single_image image=&#8221;826&#8243; img_size=&#8221;full&#8221;][vc_single_image image=&#8221;827&#8243; img_size=&#8221;full&#8221;][vc_single_image image=&#8221;828&#8243; img_size=&#8221;full&#8221;][vc_single_image image=&#8221;829&#8243; img_size=&#8221;full&#8221;][vc_single_image image=&#8221;830&#8243; img_size=&#8221;full&#8221;][vc_single_image image=&#8221;831&#8243; img_size=&#8221;full&#8221;][vc_single_image image=&#8221;832&#8243; img_size=&#8221;full&#8221;][vc_single_image image=&#8221;833&#8243; img_size=&#8221;full&#8221;][vc_single_image image=&#8221;839&#8243; img_size=&#8221;full&#8221;][vc_single_image image=&#8221;834&#8243; img_size=&#8221;full&#8221;][vc_single_image image=&#8221;835&#8243; img_size=&#8221;full&#8221;][vc_single_image image=&#8221;836&#8243; img_size=&#8221;full&#8221;][vc_single_image image=&#8221;837&#8243; img_size=&#8221;full&#8221;][vc_single_image image=&#8221;838&#8243; img_size=&#8221;full&#8221;]<\/div><\/div>\t\t\t<script type=\"text\/javascript\">\n\t\t\t\tjQuery(document).ready(function ($) {\n\t\t\t\t\tif( typeof jQuery('.ult-carousel-38665126969d2b6abcd27f').slick == \"function\"){\n\t\t\t\t\t\t$('.ult-carousel-38665126969d2b6abcd27f').slick({dots: true,autoplay: true,autoplaySpeed: \"5000\",speed: \"300\",infinite: true,arrows: false,slidesToScroll:3,slidesToShow:3,swipe: true,draggable: true,touchMove: true,pauseOnHover: true,pauseOnFocus: false,responsive: [\n\t\t\t\t\t\t\t{\n\t\t\t\t\t\t\t  breakpoint: 1026,\n\t\t\t\t\t\t\t  settings: {\n\t\t\t\t\t\t\t\tslidesToShow: 3,\n\t\t\t\t\t\t\t\tslidesToScroll: 3,  \n\t\t\t\t\t\t\t  }\n\t\t\t\t\t\t\t},\n\t\t\t\t\t\t\t{\n\t\t\t\t\t\t\t  breakpoint: 1025,\n\t\t\t\t\t\t\t  settings: {\n\t\t\t\t\t\t\t\tslidesToShow: 2,\n\t\t\t\t\t\t\t\tslidesToScroll: 2\n\t\t\t\t\t\t\t  }\n\t\t\t\t\t\t\t},\n\t\t\t\t\t\t\t{\n\t\t\t\t\t\t\t  breakpoint: 760,\n\t\t\t\t\t\t\t  settings: {\n\t\t\t\t\t\t\t\tslidesToShow: 1,\n\t\t\t\t\t\t\t\tslidesToScroll: 1\n\t\t\t\t\t\t\t  }\n\t\t\t\t\t\t\t}\n\t\t\t\t\t\t],pauseOnDotsHover: true,customPaging: function(slider, i) {\n                   return '<i type=\"button\" style= \"color:#5f6263;\" class=\"ultsl-radio-checked\" data-role=\"none\"><\/i>';\n                },});\n\t\t\t\t\t}\n\t\t\t\t});\n\t\t\t<\/script>\n\t\t\t[\/vc_column][\/vc_row]<\/p>\n<\/div>","protected":false},"excerpt":{"rendered":"<p>[vc_row full_width=&#8221;stretch_row_content&#8221; bg_type=&#8221;bg_color&#8221; bg_override=&#8221;ex-full&#8221; bg_color_value=&#8221;rgba(183,184,187,0.2)&#8221; css=&#8221;.vc_custom_1605109971927{padding-top: 30px !important;padding-bottom: 30px !important;}&#8221;][vc_column width=&#8221;1\/2&#8243;][vc_single_image image=&#8221;817&#8243; img_size=&#8221;1024&#215;450&#8243; alignment=&#8221;center&#8221;][\/vc_column][vc_column width=&#8221;1\/2&#8243;][\/vc_column][\/vc_row][vc_row full_width=&#8221;stretch_row_content&#8221;][vc_column css=&#8221;.vc_custom_1604485950044{padding-top: 70px !important;padding-bottom: 70px !important;}&#8221;][\/vc_column][\/vc_row]<\/p>\n","protected":false},"author":1,"featured_media":0,"parent":0,"menu_order":0,"comment_status":"closed","ping_status":"closed","template":"","meta":{"footnotes":""},"class_list":["post-816","page","type-page","status-publish","hentry","description-off"],"_links":{"self":[{"href":"https:\/\/pishinawellness.com\/index.php\/wp-json\/wp\/v2\/pages\/816","targetHints":{"allow":["GET"]}}],"collection":[{"href":"https:\/\/pishinawellness.com\/index.php\/wp-json\/wp\/v2\/pages"}],"about":[{"href":"https:\/\/pishinawellness.com\/index.php\/wp-json\/wp\/v2\/types\/page"}],"author":[{"embeddable":true,"href":"https:\/\/pishinawellness.com\/index.php\/wp-json\/wp\/v2\/users\/1"}],"replies":[{"embeddable":true,"href":"https:\/\/pishinawellness.com\/index.php\/wp-json\/wp\/v2\/comments?post=816"}],"version-history":[{"count":5,"href":"https:\/\/pishinawellness.com\/index.php\/wp-json\/wp\/v2\/pages\/816\/revisions"}],"predecessor-version":[{"id":845,"href":"https:\/\/pishinawellness.com\/index.php\/wp-json\/wp\/v2\/pages\/816\/revisions\/845"}],"wp:attachment":[{"href":"https:\/\/pishinawellness.com\/index.php\/wp-json\/wp\/v2\/media?parent=816"}],"curies":[{"name":"wp","href":"https:\/\/api.w.org\/{rel}","templated":true}]}}