{"id":732,"date":"2020-12-23T15:14:53","date_gmt":"2020-12-23T15:14:53","guid":{"rendered":"https:\/\/new.piscinawellness.it\/index.php\/doccia-emozionale\/"},"modified":"2021-02-02T16:23:44","modified_gmt":"2021-02-02T16:23:44","slug":"dushi-emocional","status":"publish","type":"page","link":"https:\/\/pishinawellness.com\/index.php\/dushi-emocional\/","title":{"rendered":"Dushi Emocional"},"content":{"rendered":"<div class=\"wpb-content-wrapper\"><p>[vc_row full_width=&#8221;stretch_row_content&#8221; bg_type=&#8221;bg_color&#8221; bg_override=&#8221;ex-full&#8221; bg_color_value=&#8221;rgba(183,184,187,0.2)&#8221; css=&#8221;.vc_custom_1605109971927{padding-top: 30px !important;padding-bottom: 30px !important;}&#8221;][vc_column width=&#8221;1\/2&#8243;][vc_single_image image=&#8221;2395&#8243; img_size=&#8221;1024&#215;450&#8243; alignment=&#8221;center&#8221;][\/vc_column][vc_column width=&#8221;1\/2&#8243;]<div class=\"ult-content-box-container box_class\" >\t\t<div class=\"ult-content-box\" style=\"box-shadow: px px px px none;-webkit-transition: all 700ms ease;-moz-transition: all 700ms ease;-ms-transition: all 700ms ease;-o-transition: all 700ms ease;transition: all 700ms ease;\"  data-hover_box_shadow=\"none\"    >[vc_row_inner][vc_column_inner width=&#8221;1\/12&#8243;][\/vc_column_inner][vc_column_inner width=&#8221;3\/4&#8243;][vc_empty_space height=&#8221;15px&#8221;][vc_column_text]<\/p>\n<p style=\"text-align: justify;\">Dushet me shum\u00eb sensor\u00eb jan\u00eb sisteme t\u00eb posa\u00e7me hidroterapie q\u00eb kombinojn\u00eb tonifikimin dhe stimulimin e trajtimeve multi-sensoriale, duke p\u00ebrdorur xhete uji me kombinime t\u00eb ngjyrave t\u00eb ndryshme. Sipas trajtimit Cromoterapi, ngjyrat ndihmojn\u00eb trupin dhe mendjen p\u00ebr t\u00eb rivendosur ekuilibrin e tyre natyror dhe gjithashtu kan\u00eb efekte fizike dhe psikologjike q\u00eb jan\u00eb n\u00eb gjendje t\u00eb stimulojn\u00eb trupin dhe t\u00eb qet\u00ebsojn\u00eb an\u00ebn mendore. Parimi baz\u00eb \u00ebsht\u00eb alternimi i xheteve t\u00eb ujit. Ky alternim konsiston jo vet\u00ebm n\u00eb ndryshimin e temperatur\u00ebs s\u00eb ujit, t\u00eb nxeht\u00eb n\u00eb t\u00eb ftoht\u00eb, por edhe n\u00eb presionin e tij.<\/p>\n<p style=\"text-align: justify;\">Ndryshimi i nj\u00ebkohsh\u00ebm i ngjyrave dhe aromave krijon atmosfer\u00eb dhe ndjesi q\u00eb jan\u00eb n\u00eb harmoni me l\u00ebvizjen e ujit. K\u00ebshtu q\u00eb, mund t\u00eb p\u00ebrjetoni ndjesi dhe p\u00ebrfitime t\u00eb ndryshme. Nj\u00eb temperatur\u00eb e ul\u00ebt tenton t\u00eb ngurt\u00ebsoj\u00eb indet (me efekte pozitive p\u00ebr k\u00ebmb\u00ebt dhe barkun), nd\u00ebrkoh\u00eb q\u00eb nxeht\u00ebsia do t\u00eb ket\u00eb nj\u00eb efekt natyral vasodilues, duke pastruar n\u00eb sip\u00ebrfaqe por edhe m\u00eb thell\u00eb epiderm\u00ebn.<\/p>\n<p>[\/vc_column_text][\/vc_column_inner][\/vc_row_inner]\t\t<\/div><\/div>[\/vc_column][\/vc_row][vc_row full_width=&#8221;stretch_row_content&#8221; bg_type=&#8221;bg_color&#8221; bg_override=&#8221;ex-full&#8221; bg_color_value=&#8221;rgba(183,184,187,0.2)&#8221; css=&#8221;.vc_custom_1605109971927{padding-top: 30px !important;padding-bottom: 30px !important;}&#8221;][vc_column width=&#8221;1\/2&#8243;]<div class=\"ult-content-box-container box_class\" >\t\t<div class=\"ult-content-box\" style=\"box-shadow: px px px px none;-webkit-transition: all 700ms ease;-moz-transition: all 700ms ease;-ms-transition: all 700ms ease;-o-transition: all 700ms ease;transition: all 700ms ease;\"  data-hover_box_shadow=\"none\"    >[vc_row_inner][vc_column_inner width=&#8221;1\/12&#8243;][\/vc_column_inner][vc_column_inner width=&#8221;3\/4&#8243;][vc_column_text]<\/p>\n<p style=\"text-align: justify;\"><strong>P\u00ebr \u00e7far\u00eb sh\u00ebrben Dushi Emocional?<\/strong><\/p>\n<p style=\"text-align: justify;\">Nj\u00eb dush emocional \u00ebsht\u00eb nj\u00eb hap\u00ebsir\u00eb \u200b\u200be vog\u00ebl e cila ofron funksione t\u00eb shumta.<\/p>\n<ul style=\"text-align: justify;\">\n<li>Ofron nj\u00eb ndjenj\u00eb k\u00ebnaq\u00ebsie unike dhe t\u00eb pap\u00ebrs\u00ebritshme, e cila buron nga uji, element vital, i k\u00ebndsh\u00ebm dhe i efektsh\u00ebm.<\/li>\n<li>Nj\u00eb dush emocional me \u201cujin n\u00eb form\u00eb avulli\u201d aktivizon t\u00eb 5 shqisat, me an\u00eb t\u00eb ngjyrave, er\u00ebrave dhe tingujve q\u00eb mbivendosen dhe mb\u00ebshtillen rreth trupit, duke futur nj\u00eb vitalitet t\u00eb fort\u00eb. Terapia e ngjyrave konsiderohet pjes\u00eb e t\u00eb ashtuquajtur\u00ebs \u201cmjek\u00ebsi alternative\u201d, duke p\u00ebrdor ngjyrat si nj\u00eb terapi p\u00ebr trajtimin e s\u00ebmundjeve.<\/li>\n<\/ul>\n<ul>\n<li style=\"text-align: justify;\">T\u00eb gjitha k\u00ebto arrihen n\u00ebp\u00ebrmjet xheteve t\u00eb vendosura n\u00eb tavan dhe muret, t\u00eb cilat kombinohen p\u00ebr t\u00eb punuar n\u00eb temperatura t\u00eb ngrohta dhe t\u00eb ftohta.<\/li>\n<\/ul>\n<p>[\/vc_column_text][\/vc_column_inner][\/vc_row_inner]\t\t<\/div><\/div>[\/vc_column][vc_column width=&#8221;1\/2&#8243;][vc_single_image image=&#8221;2398&#8243; img_size=&#8221;1024&#215;450&#8243; alignment=&#8221;center&#8221;][\/vc_column][\/vc_row][vc_row full_width=&#8221;stretch_row_content&#8221;][vc_column css=&#8221;.vc_custom_1604485950044{padding-top: 70px !important;padding-bottom: 70px !important;}&#8221;][vc_custom_heading text=&#8221;REALIZIMI I DUSHIT EMOCIONAL N\u00cb HOTELE &amp; RESORTE I SHTON VLERA AMBJENTIT TUAJ.&#8221; font_container=&#8221;tag:h3|text_align:center|color:%235f6263&#8243; use_theme_fonts=&#8221;yes&#8221;][vc_separator color=&#8221;custom&#8221; el_width=&#8221;20&#8243; accent_color=&#8221;#5f6263&#8243;]<div id=\"ult-carousel-278366453869d2b64b4a56a\" class=\"ult-carousel-wrapper   ult_horizontal\" data-gutter=\"15\" data-rtl=\"false\" ><div class=\"ult-carousel-89053733769d2b64b4a475 \" >[vc_single_image image=&#8221;1971&#8243; img_size=&#8221;550&#215;450&#8243; onclick=&#8221;link_image&#8221;][vc_single_image image=&#8221;1974&#8243; img_size=&#8221;550&#215;450&#8243; onclick=&#8221;link_image&#8221;][vc_single_image image=&#8221;1977&#8243; img_size=&#8221;550&#215;450&#8243; onclick=&#8221;link_image&#8221;][vc_single_image image=&#8221;2402&#8243; img_size=&#8221;550&#215;450&#8243; onclick=&#8221;link_image&#8221;][vc_single_image image=&#8221;1983&#8243; img_size=&#8221;550&#215;450&#8243; onclick=&#8221;link_image&#8221;][vc_single_image image=&#8221;2406&#8243; img_size=&#8221;550&#215;450&#8243; onclick=&#8221;link_image&#8221;][vc_single_image image=&#8221;2409&#8243; img_size=&#8221;550&#215;450&#8243; onclick=&#8221;link_image&#8221;][vc_single_image image=&#8221;2412&#8243; img_size=&#8221;550&#215;450&#8243; onclick=&#8221;link_image&#8221;][vc_single_image image=&#8221;2415&#8243; img_size=&#8221;550&#215;450&#8243; onclick=&#8221;link_image&#8221;][vc_single_image image=&#8221;2421&#8243; img_size=&#8221;550&#215;450&#8243; onclick=&#8221;link_image&#8221;][vc_single_image image=&#8221;2424&#8243; img_size=&#8221;550&#215;450&#8243; onclick=&#8221;link_image&#8221;]<\/div><\/div>\t\t\t<script type=\"text\/javascript\">\n\t\t\t\tjQuery(document).ready(function ($) {\n\t\t\t\t\tif( typeof jQuery('.ult-carousel-89053733769d2b64b4a475').slick == \"function\"){\n\t\t\t\t\t\t$('.ult-carousel-89053733769d2b64b4a475').slick({dots: true,autoplay: true,autoplaySpeed: \"5000\",speed: \"300\",infinite: true,arrows: false,slidesToScroll:3,slidesToShow:3,swipe: true,draggable: true,touchMove: true,pauseOnHover: true,pauseOnFocus: false,responsive: [\n\t\t\t\t\t\t\t{\n\t\t\t\t\t\t\t  breakpoint: 1026,\n\t\t\t\t\t\t\t  settings: {\n\t\t\t\t\t\t\t\tslidesToShow: 3,\n\t\t\t\t\t\t\t\tslidesToScroll: 3,  \n\t\t\t\t\t\t\t  }\n\t\t\t\t\t\t\t},\n\t\t\t\t\t\t\t{\n\t\t\t\t\t\t\t  breakpoint: 1025,\n\t\t\t\t\t\t\t  settings: {\n\t\t\t\t\t\t\t\tslidesToShow: 2,\n\t\t\t\t\t\t\t\tslidesToScroll: 2\n\t\t\t\t\t\t\t  }\n\t\t\t\t\t\t\t},\n\t\t\t\t\t\t\t{\n\t\t\t\t\t\t\t  breakpoint: 760,\n\t\t\t\t\t\t\t  settings: {\n\t\t\t\t\t\t\t\tslidesToShow: 1,\n\t\t\t\t\t\t\t\tslidesToScroll: 1\n\t\t\t\t\t\t\t  }\n\t\t\t\t\t\t\t}\n\t\t\t\t\t\t],pauseOnDotsHover: true,customPaging: function(slider, i) {\n                   return '<i type=\"button\" style= \"color:#5f6263;\" class=\"ultsl-radio-checked\" data-role=\"none\"><\/i>';\n                },});\n\t\t\t\t\t}\n\t\t\t\t});\n\t\t\t<\/script>\n\t\t\t[\/vc_column][\/vc_row]<\/p>\n<\/div>","protected":false},"excerpt":{"rendered":"<p>[vc_row full_width=&#8221;stretch_row_content&#8221; bg_type=&#8221;bg_color&#8221; bg_override=&#8221;ex-full&#8221; bg_color_value=&#8221;rgba(183,184,187,0.2)&#8221; css=&#8221;.vc_custom_1605109971927{padding-top: 30px !important;padding-bottom: 30px !important;}&#8221;][vc_column width=&#8221;1\/2&#8243;][vc_single_image image=&#8221;2395&#8243; img_size=&#8221;1024&#215;450&#8243; alignment=&#8221;center&#8221;][\/vc_column][vc_column width=&#8221;1\/2&#8243;][\/vc_column][\/vc_row][vc_row full_width=&#8221;stretch_row_content&#8221; bg_type=&#8221;bg_color&#8221; bg_override=&#8221;ex-full&#8221; bg_color_value=&#8221;rgba(183,184,187,0.2)&#8221; css=&#8221;.vc_custom_1605109971927{padding-top: 30px !important;padding-bottom: 30px !important;}&#8221;][vc_column width=&#8221;1\/2&#8243;][\/vc_column][vc_column width=&#8221;1\/2&#8243;][vc_single_image image=&#8221;2398&#8243; img_size=&#8221;1024&#215;450&#8243; alignment=&#8221;center&#8221;][\/vc_column][\/vc_row][vc_row full_width=&#8221;stretch_row_content&#8221;][vc_column css=&#8221;.vc_custom_1604485950044{padding-top: 70px !important;padding-bottom: 70px !important;}&#8221;][vc_custom_heading text=&#8221;REALIZIMI I DUSHIT EMOCIONAL N\u00cb HOTELE &amp; RESORTE I SHTON VLERA AMBJENTIT TUAJ.&#8221; font_container=&#8221;tag:h3|text_align:center|color:%235f6263&#8243; use_theme_fonts=&#8221;yes&#8221;][vc_separator color=&#8221;custom&#8221; el_width=&#8221;20&#8243; accent_color=&#8221;#5f6263&#8243;][\/vc_column][\/vc_row]<\/p>\n","protected":false},"author":1,"featured_media":0,"parent":0,"menu_order":0,"comment_status":"closed","ping_status":"closed","template":"","meta":{"footnotes":""},"class_list":["post-732","page","type-page","status-publish","hentry","description-off"],"_links":{"self":[{"href":"https:\/\/pishinawellness.com\/index.php\/wp-json\/wp\/v2\/pages\/732","targetHints":{"allow":["GET"]}}],"collection":[{"href":"https:\/\/pishinawellness.com\/index.php\/wp-json\/wp\/v2\/pages"}],"about":[{"href":"https:\/\/pishinawellness.com\/index.php\/wp-json\/wp\/v2\/types\/page"}],"author":[{"embeddable":true,"href":"https:\/\/pishinawellness.com\/index.php\/wp-json\/wp\/v2\/users\/1"}],"replies":[{"embeddable":true,"href":"https:\/\/pishinawellness.com\/index.php\/wp-json\/wp\/v2\/comments?post=732"}],"version-history":[{"count":8,"href":"https:\/\/pishinawellness.com\/index.php\/wp-json\/wp\/v2\/pages\/732\/revisions"}],"predecessor-version":[{"id":2405,"href":"https:\/\/pishinawellness.com\/index.php\/wp-json\/wp\/v2\/pages\/732\/revisions\/2405"}],"wp:attachment":[{"href":"https:\/\/pishinawellness.com\/index.php\/wp-json\/wp\/v2\/media?parent=732"}],"curies":[{"name":"wp","href":"https:\/\/api.w.org\/{rel}","templated":true}]}}