{"id":718,"date":"2020-12-23T15:05:51","date_gmt":"2020-12-23T15:05:51","guid":{"rendered":"https:\/\/new.piscinawellness.it\/index.php\/percorso-kneipp\/"},"modified":"2021-01-08T09:45:48","modified_gmt":"2021-01-08T09:45:48","slug":"kalimi-kneipp","status":"publish","type":"page","link":"https:\/\/pishinawellness.com\/index.php\/kalimi-kneipp\/","title":{"rendered":"Kalimi Kneipp"},"content":{"rendered":"<div class=\"wpb-content-wrapper\"><p>[vc_row full_width=&#8221;stretch_row_content&#8221; bg_type=&#8221;bg_color&#8221; bg_override=&#8221;ex-full&#8221; bg_color_value=&#8221;rgba(183,184,187,0.2)&#8221; css=&#8221;.vc_custom_1605109971927{padding-top: 30px !important;padding-bottom: 30px !important;}&#8221;][vc_column width=&#8221;1\/2&#8243;][vc_single_image image=&#8221;722&#8243; img_size=&#8221;1024&#215;450&#8243; alignment=&#8221;center&#8221;][\/vc_column][vc_column width=&#8221;1\/2&#8243;]<div class=\"ult-content-box-container box_class\" >\t\t<div class=\"ult-content-box\" style=\"box-shadow: px px px px none;-webkit-transition: all 700ms ease;-moz-transition: all 700ms ease;-ms-transition: all 700ms ease;-o-transition: all 700ms ease;transition: all 700ms ease;\"  data-hover_box_shadow=\"none\"    >[vc_row_inner][vc_column_inner width=&#8221;1\/12&#8243;][\/vc_column_inner][vc_column_inner width=&#8221;3\/4&#8243;][vc_empty_space height=&#8221;15px&#8221;][vc_column_text]<\/p>\n<p style=\"text-align: justify;\">P\u00ebrkalimi Kneipp \u00ebsht\u00eb nj\u00eb nga trajtimet m\u00eb popullore t\u00eb SPA-ve n\u00eb qendrat e Wellness-it. Trajtimi Kneipp, n\u00eb dit\u00ebt e sotme bazohet n\u00eb hidroterapin\u00eb, e cila p\u00ebrdor fuqin\u00eb sh\u00ebruese t\u00eb ujit p\u00ebr t\u00eb dh\u00ebn\u00eb mir\u00ebqenie n\u00eb trupin ton\u00eb. Zakonisht z\u00ebvend\u00ebson banjot e shkurtra me uj\u00eb t\u00eb nxeht\u00eb dhe t\u00eb ftoht\u00eb. Lloji m\u00eb i zakonsh\u00ebm i terapis\u00eb Kneipp p\u00ebrb\u00ebhet nga ecja n\u00ebp\u00ebr shtigjet e gur\u00ebve t\u00eb lumit, duke alternuar uj\u00eb t\u00eb nxeht\u00eb dhe t\u00eb ftoht\u00eb. N\u00eb var\u00ebsi t\u00eb rrug\u00ebs s\u00eb ofruar nga Spa-t ose institucionet termale, uji mund t\u00eb arrij\u00eb k\u00ebmb\u00ebt ose deri n\u00eb gjunj\u00eb.<\/p>\n<p style=\"text-align: justify;\">P\u00ebrkalimi Kneipp n\u00eb t\u00ebr\u00ebsin\u00eb e tij, nuk kufizohet nga nj\u00eb ecje e thjesht\u00eb n\u00eb k\u00ebmb\u00eb midis ujit dhe guralecave, por n\u00eb nj\u00eb trajtim t\u00eb v\u00ebrtet\u00eb hidroterapi, n\u00eb t\u00eb cilin alternimi i ujit t\u00eb nxeht\u00eb dhe t\u00eb ftoht\u00eb \u00ebsht\u00eb studiuar n\u00eb m\u00ebnyr\u00eb t\u00eb p\u00ebrkryer sipas parimeve kurative t\u00eb p\u00ebrcaktuara mir\u00eb. Zakonisht, ai fillon me uj\u00eb t\u00eb nxeht\u00eb p\u00ebr t\u00eb vazhduar me nj\u00eb ndryshim midis temperaturave mesatare dhe t\u00eb p\u00ebrfundoj\u00eb me uj\u00eb t\u00eb ftoht\u00eb.<\/p>\n<p>[\/vc_column_text][\/vc_column_inner][\/vc_row_inner]\t\t<\/div><\/div>[\/vc_column][\/vc_row][vc_row full_width=&#8221;stretch_row_content&#8221; bg_type=&#8221;bg_color&#8221; bg_override=&#8221;ex-full&#8221; bg_color_value=&#8221;rgba(183,184,187,0.2)&#8221; css=&#8221;.vc_custom_1605109971927{padding-top: 30px !important;padding-bottom: 30px !important;}&#8221;][vc_column width=&#8221;1\/2&#8243;]<div class=\"ult-content-box-container box_class\" >\t\t<div class=\"ult-content-box\" style=\"box-shadow: px px px px none;-webkit-transition: all 700ms ease;-moz-transition: all 700ms ease;-ms-transition: all 700ms ease;-o-transition: all 700ms ease;transition: all 700ms ease;\"  data-hover_box_shadow=\"none\"    >[vc_row_inner][vc_column_inner width=&#8221;1\/12&#8243;][\/vc_column_inner][vc_column_inner width=&#8221;3\/4&#8243;][vc_column_text]<\/p>\n<p style=\"text-align: justify;\"><strong>P\u00ebrfitimet q\u00eb sjell Trajtimi Kneipp<\/strong><\/p>\n<ul>\n<li style=\"text-align: justify;\">Shoku termik, i shkaktuar nga zhytja n\u00eb uj\u00eb n\u00eb temperatura t\u00eb ndryshme, stimulon sistemin e qarkullimit t\u00eb gjakut dhe sistemin imunitar. Zhytja n\u00eb uj\u00eb t\u00eb nxeht\u00eb krijon nj\u00eb ndjenj\u00eb relaksi. Kontakti me ujin e ftoht\u00eb stimulon dhe fuqizon trupin.<\/li>\n<li style=\"text-align: justify;\">Ecja n\u00eb fundin e kalldr\u00ebmit dhe dalja termike kan\u00eb nj\u00eb veprim tonifikues p\u00ebr muret e kapilar\u00ebve. P\u00ebrve\u00e7 k\u00ebsaj, masazhi i garantuar me uj\u00eb \u2013 i njohur gjithashtu si nj\u00eb vorbull \u2013 ka veti drenazhuese dhe prandaj ka nj\u00eb efekt t\u00eb dobish\u00ebm n\u00eb trup n\u00eb rast t\u00eb mbajtjes s\u00eb ujrave.<\/li>\n<\/ul>\n<p>[\/vc_column_text][\/vc_column_inner][\/vc_row_inner]\t\t<\/div><\/div>[\/vc_column][vc_column width=&#8221;1\/2&#8243;][vc_single_image image=&#8221;725&#8243; img_size=&#8221;1024&#215;450&#8243; alignment=&#8221;center&#8221;][\/vc_column][\/vc_row][vc_row full_width=&#8221;stretch_row_content&#8221;][vc_column css=&#8221;.vc_custom_1604485950044{padding-top: 70px !important;padding-bottom: 70px !important;}&#8221;][vc_custom_heading text=&#8221;REALIZIMI I P\u00cbRKALIMEVE KNEIPP N\u00cb HOTELE &amp; RESORTE I SHTON VLERA AMBJENTIT TUAJ.&#8221; font_container=&#8221;tag:h3|text_align:center|color:%235f6263&#8243; use_theme_fonts=&#8221;yes&#8221;][vc_separator color=&#8221;custom&#8221; el_width=&#8221;20&#8243; accent_color=&#8221;#5f6263&#8243;]<div id=\"ult-carousel-166997932169d2cba9c3dc5\" class=\"ult-carousel-wrapper   ult_horizontal\" data-gutter=\"15\" data-rtl=\"false\" ><div class=\"ult-carousel-296093495369d2cba9c3cbf \" >[vc_single_image image=&#8221;719&#8243; img_size=&#8221;full&#8221;][vc_single_image image=&#8221;723&#8243; img_size=&#8221;full&#8221;][vc_single_image image=&#8221;724&#8243; img_size=&#8221;full&#8221;][vc_single_image image=&#8221;726&#8243; img_size=&#8221;full&#8221;][vc_single_image image=&#8221;662&#8243; img_size=&#8221;full&#8221;][vc_single_image image=&#8221;663&#8243; img_size=&#8221;full&#8221;][vc_single_image image=&#8221;664&#8243; img_size=&#8221;full&#8221;][vc_single_image image=&#8221;665&#8243; img_size=&#8221;full&#8221;]<\/div><\/div>\t\t\t<script type=\"text\/javascript\">\n\t\t\t\tjQuery(document).ready(function ($) {\n\t\t\t\t\tif( typeof jQuery('.ult-carousel-296093495369d2cba9c3cbf').slick == \"function\"){\n\t\t\t\t\t\t$('.ult-carousel-296093495369d2cba9c3cbf').slick({dots: true,autoplay: true,autoplaySpeed: \"5000\",speed: \"300\",infinite: true,arrows: false,slidesToScroll:3,slidesToShow:3,swipe: true,draggable: true,touchMove: true,pauseOnHover: true,pauseOnFocus: false,responsive: [\n\t\t\t\t\t\t\t{\n\t\t\t\t\t\t\t  breakpoint: 1026,\n\t\t\t\t\t\t\t  settings: {\n\t\t\t\t\t\t\t\tslidesToShow: 3,\n\t\t\t\t\t\t\t\tslidesToScroll: 3,  \n\t\t\t\t\t\t\t  }\n\t\t\t\t\t\t\t},\n\t\t\t\t\t\t\t{\n\t\t\t\t\t\t\t  breakpoint: 1025,\n\t\t\t\t\t\t\t  settings: {\n\t\t\t\t\t\t\t\tslidesToShow: 2,\n\t\t\t\t\t\t\t\tslidesToScroll: 2\n\t\t\t\t\t\t\t  }\n\t\t\t\t\t\t\t},\n\t\t\t\t\t\t\t{\n\t\t\t\t\t\t\t  breakpoint: 760,\n\t\t\t\t\t\t\t  settings: {\n\t\t\t\t\t\t\t\tslidesToShow: 1,\n\t\t\t\t\t\t\t\tslidesToScroll: 1\n\t\t\t\t\t\t\t  }\n\t\t\t\t\t\t\t}\n\t\t\t\t\t\t],pauseOnDotsHover: true,customPaging: function(slider, i) {\n                   return '<i type=\"button\" style= \"color:#5f6263;\" class=\"ultsl-radio-checked\" data-role=\"none\"><\/i>';\n                },});\n\t\t\t\t\t}\n\t\t\t\t});\n\t\t\t<\/script>\n\t\t\t[\/vc_column][\/vc_row]<\/p>\n<\/div>","protected":false},"excerpt":{"rendered":"<p>[vc_row full_width=&#8221;stretch_row_content&#8221; bg_type=&#8221;bg_color&#8221; bg_override=&#8221;ex-full&#8221; bg_color_value=&#8221;rgba(183,184,187,0.2)&#8221; css=&#8221;.vc_custom_1605109971927{padding-top: 30px !important;padding-bottom: 30px !important;}&#8221;][vc_column width=&#8221;1\/2&#8243;][vc_single_image image=&#8221;722&#8243; img_size=&#8221;1024&#215;450&#8243; alignment=&#8221;center&#8221;][\/vc_column][vc_column width=&#8221;1\/2&#8243;][\/vc_column][\/vc_row][vc_row full_width=&#8221;stretch_row_content&#8221; bg_type=&#8221;bg_color&#8221; bg_override=&#8221;ex-full&#8221; bg_color_value=&#8221;rgba(183,184,187,0.2)&#8221; css=&#8221;.vc_custom_1605109971927{padding-top: 30px !important;padding-bottom: 30px !important;}&#8221;][vc_column width=&#8221;1\/2&#8243;][\/vc_column][vc_column width=&#8221;1\/2&#8243;][vc_single_image image=&#8221;725&#8243; img_size=&#8221;1024&#215;450&#8243; alignment=&#8221;center&#8221;][\/vc_column][\/vc_row][vc_row full_width=&#8221;stretch_row_content&#8221;][vc_column css=&#8221;.vc_custom_1604485950044{padding-top: 70px !important;padding-bottom: 70px !important;}&#8221;][vc_custom_heading text=&#8221;REALIZIMI I P\u00cbRKALIMEVE KNEIPP N\u00cb HOTELE &amp; RESORTE I SHTON VLERA AMBJENTIT TUAJ.&#8221; font_container=&#8221;tag:h3|text_align:center|color:%235f6263&#8243; use_theme_fonts=&#8221;yes&#8221;][vc_separator color=&#8221;custom&#8221; el_width=&#8221;20&#8243; accent_color=&#8221;#5f6263&#8243;][\/vc_column][\/vc_row]<\/p>\n","protected":false},"author":1,"featured_media":0,"parent":0,"menu_order":0,"comment_status":"closed","ping_status":"closed","template":"","meta":{"footnotes":""},"class_list":["post-718","page","type-page","status-publish","hentry","description-off"],"_links":{"self":[{"href":"https:\/\/pishinawellness.com\/index.php\/wp-json\/wp\/v2\/pages\/718","targetHints":{"allow":["GET"]}}],"collection":[{"href":"https:\/\/pishinawellness.com\/index.php\/wp-json\/wp\/v2\/pages"}],"about":[{"href":"https:\/\/pishinawellness.com\/index.php\/wp-json\/wp\/v2\/types\/page"}],"author":[{"embeddable":true,"href":"https:\/\/pishinawellness.com\/index.php\/wp-json\/wp\/v2\/users\/1"}],"replies":[{"embeddable":true,"href":"https:\/\/pishinawellness.com\/index.php\/wp-json\/wp\/v2\/comments?post=718"}],"version-history":[{"count":5,"href":"https:\/\/pishinawellness.com\/index.php\/wp-json\/wp\/v2\/pages\/718\/revisions"}],"predecessor-version":[{"id":918,"href":"https:\/\/pishinawellness.com\/index.php\/wp-json\/wp\/v2\/pages\/718\/revisions\/918"}],"wp:attachment":[{"href":"https:\/\/pishinawellness.com\/index.php\/wp-json\/wp\/v2\/media?parent=718"}],"curies":[{"name":"wp","href":"https:\/\/api.w.org\/{rel}","templated":true}]}}