{"id":71,"date":"2020-11-04T15:35:24","date_gmt":"2020-11-04T15:35:24","guid":{"rendered":"https:\/\/new.piscinawellness.it\/?page_id=71"},"modified":"2021-01-08T14:58:14","modified_gmt":"2021-01-08T14:58:14","slug":"piscina","status":"publish","type":"page","link":"https:\/\/pishinawellness.com\/index.php\/piscina\/?lang=it","title":{"rendered":"Piscina"},"content":{"rendered":"<div class=\"wpb-content-wrapper\"><p>[vc_row full_width=&#8221;stretch_row_content&#8221; bg_type=&#8221;bg_color&#8221; bg_override=&#8221;ex-full&#8221; bg_color_value=&#8221;rgba(183,184,187,0.2)&#8221; css=&#8221;.vc_custom_1605109971927{padding-top: 30px !important;padding-bottom: 30px !important;}&#8221;][vc_column width=&#8221;1\/2&#8243;][vc_single_image image=&#8221;1228&#8243; img_size=&#8221;full&#8221; alignment=&#8221;center&#8221;][\/vc_column][vc_column width=&#8221;1\/2&#8243;]<div class=\"ult-content-box-container box_class\" >\t\t<div class=\"ult-content-box\" style=\"box-shadow: px px px px none;-webkit-transition: all 700ms ease;-moz-transition: all 700ms ease;-ms-transition: all 700ms ease;-o-transition: all 700ms ease;transition: all 700ms ease;\"  data-hover_box_shadow=\"none\"    >[vc_row_inner][vc_column_inner width=&#8221;1\/12&#8243;][\/vc_column_inner][vc_column_inner width=&#8221;3\/4&#8243;][vc_column_text]<\/p>\n<p style=\"text-align: justify;\"><span style=\"color: #000000;\">La piscina \u00e8 un ambiente rilassante in cui puoi divertirti con gli amici e i parenti in qualsiasi momento. Nuotare in piscina \u00e8 uno degli sport pi\u00f9 complicati, che ci aiuta a ridurre il peso, rinforza i muscoli e ci fa avere un aspetto fisico elegante e bello.<br \/>\nPISCINA &amp; WELLNESS, pu\u00f2 fare quanto segue:<\/span><\/p>\n<p>[\/vc_column_text]<div class=\"standard-arrow bullet-top\"><ul>\n<li>Piscina Aquapark<\/li>\n<li>Piscina per ville<\/li>\n<li>Piscina per complesso<\/li>\n<li>Piscina coperta<\/li>\n<li>Piscina invernale<\/li>\n<li>Piscina olimpionica<\/li>\n<li>Fontane e cascate<\/li>\n<\/ul>\n<\/div>[\/vc_column_inner][\/vc_row_inner]\t\t<\/div><\/div>[\/vc_column][\/vc_row][vc_row full_width=&#8221;stretch_row_content&#8221; bg_type=&#8221;bg_color&#8221; bg_override=&#8221;ex-full&#8221; bg_color_value=&#8221;rgba(183,184,187,0.2)&#8221; css=&#8221;.vc_custom_1605109971927{padding-top: 30px !important;padding-bottom: 30px !important;}&#8221;][vc_column width=&#8221;1\/2&#8243;]<div class=\"ult-content-box-container box_class\" >\t\t<div class=\"ult-content-box\" style=\"box-shadow: px px px px none;-webkit-transition: all 700ms ease;-moz-transition: all 700ms ease;-ms-transition: all 700ms ease;-o-transition: all 700ms ease;transition: all 700ms ease;\"  data-hover_box_shadow=\"none\"    >[vc_row_inner][vc_column_inner width=&#8221;1\/12&#8243;][\/vc_column_inner][vc_column_inner width=&#8221;3\/4&#8243;][vc_column_text]<\/p>\n<p style=\"text-align: justify;\">La compania offre anche tutti i accessori necessari:<\/p>\n<p>[\/vc_column_text]<div class=\"standard-arrow bullet-top\"><ul>\n<li>Accessori da piscina<\/li>\n<li>Detergente per la piscina<\/li>\n<li>Prodotti chimici di piscina<\/li>\n<li>Sistemi automatici di dosaggio per prodotti chimici<\/li>\n<li>Sistemi ultravioletti<\/li>\n<li>Piscina olimpionica<\/li>\n<li>Robot per la pulizia della piscina<\/li>\n<li>Riscaldamento dell\u2019ambiente<\/li>\n<li>Riscaldamento dell\u2019acqua<\/li>\n<li>Rimozione dell\u2019umidit\u00e0 con attrezzatura centrale<\/li>\n<li>Pompa di calore per l\u2019acqua della piscina<\/li>\n<li>Sistemi di controllo centrale<\/li>\n<\/ul>\n<\/div>[\/vc_column_inner][\/vc_row_inner]\t\t<\/div><\/div>[\/vc_column][vc_column width=&#8221;1\/2&#8243;][vc_empty_space height=&#8221;25px&#8221;][vc_single_image image=&#8221;1231&#8243; img_size=&#8221;full&#8221; alignment=&#8221;center&#8221;][\/vc_column][\/vc_row][vc_row full_width=&#8221;stretch_row_content&#8221;][vc_column css=&#8221;.vc_custom_1604485950044{padding-top: 70px !important;padding-bottom: 70px !important;}&#8221;][vc_custom_heading text=&#8221;REALIZZARE UNA PISCINA IN HOTEL E RESORT AGGIUNGE VALORE AL TUO AMBIENTE.&#8221; font_container=&#8221;tag:h3|text_align:center|color:%235f6263&#8243; use_theme_fonts=&#8221;yes&#8221;][vc_separator color=&#8221;custom&#8221; el_width=&#8221;20&#8243; accent_color=&#8221;#5f6263&#8243;]<div id=\"ult-carousel-53440964469d2832b2382a\" class=\"ult-carousel-wrapper   ult_horizontal\" data-gutter=\"15\" data-rtl=\"false\" ><div class=\"ult-carousel-332315398469d2832b236bc \" >[vc_single_image image=&#8221;1234&#8243; img_size=&#8221;full&#8221;][vc_single_image image=&#8221;1237&#8243; img_size=&#8221;full&#8221;][vc_single_image image=&#8221;1240&#8243; img_size=&#8221;full&#8221;][vc_single_image image=&#8221;1243&#8243; img_size=&#8221;full&#8221;]<\/div><\/div>\t\t\t<script type=\"text\/javascript\">\n\t\t\t\tjQuery(document).ready(function ($) {\n\t\t\t\t\tif( typeof jQuery('.ult-carousel-332315398469d2832b236bc').slick == \"function\"){\n\t\t\t\t\t\t$('.ult-carousel-332315398469d2832b236bc').slick({dots: true,autoplay: true,autoplaySpeed: \"5000\",speed: \"300\",infinite: true,arrows: false,slidesToScroll:3,slidesToShow:3,swipe: true,draggable: true,touchMove: true,pauseOnHover: true,pauseOnFocus: false,responsive: [\n\t\t\t\t\t\t\t{\n\t\t\t\t\t\t\t  breakpoint: 1026,\n\t\t\t\t\t\t\t  settings: {\n\t\t\t\t\t\t\t\tslidesToShow: 3,\n\t\t\t\t\t\t\t\tslidesToScroll: 3,  \n\t\t\t\t\t\t\t  }\n\t\t\t\t\t\t\t},\n\t\t\t\t\t\t\t{\n\t\t\t\t\t\t\t  breakpoint: 1025,\n\t\t\t\t\t\t\t  settings: {\n\t\t\t\t\t\t\t\tslidesToShow: 2,\n\t\t\t\t\t\t\t\tslidesToScroll: 2\n\t\t\t\t\t\t\t  }\n\t\t\t\t\t\t\t},\n\t\t\t\t\t\t\t{\n\t\t\t\t\t\t\t  breakpoint: 760,\n\t\t\t\t\t\t\t  settings: {\n\t\t\t\t\t\t\t\tslidesToShow: 1,\n\t\t\t\t\t\t\t\tslidesToScroll: 1\n\t\t\t\t\t\t\t  }\n\t\t\t\t\t\t\t}\n\t\t\t\t\t\t],pauseOnDotsHover: true,customPaging: function(slider, i) {\n                   return '<i type=\"button\" style= \"color:#143046;\" class=\"ultsl-radio-checked\" data-role=\"none\"><\/i>';\n                },});\n\t\t\t\t\t}\n\t\t\t\t});\n\t\t\t<\/script>\n\t\t\t[\/vc_column][\/vc_row]<\/p>\n<\/div>","protected":false},"excerpt":{"rendered":"<p>[vc_row full_width=&#8221;stretch_row_content&#8221; bg_type=&#8221;bg_color&#8221; bg_override=&#8221;ex-full&#8221; bg_color_value=&#8221;rgba(183,184,187,0.2)&#8221; css=&#8221;.vc_custom_1605109971927{padding-top: 30px !important;padding-bottom: 30px !important;}&#8221;][vc_column width=&#8221;1\/2&#8243;][vc_single_image image=&#8221;1228&#8243; img_size=&#8221;full&#8221; alignment=&#8221;center&#8221;][\/vc_column][vc_column width=&#8221;1\/2&#8243;][\/vc_column][\/vc_row][vc_row full_width=&#8221;stretch_row_content&#8221; bg_type=&#8221;bg_color&#8221; bg_override=&#8221;ex-full&#8221; bg_color_value=&#8221;rgba(183,184,187,0.2)&#8221; css=&#8221;.vc_custom_1605109971927{padding-top: 30px !important;padding-bottom: 30px !important;}&#8221;][vc_column width=&#8221;1\/2&#8243;][\/vc_column][vc_column width=&#8221;1\/2&#8243;][vc_empty_space height=&#8221;25px&#8221;][vc_single_image image=&#8221;1231&#8243; img_size=&#8221;full&#8221; alignment=&#8221;center&#8221;][\/vc_column][\/vc_row][vc_row full_width=&#8221;stretch_row_content&#8221;][vc_column css=&#8221;.vc_custom_1604485950044{padding-top: 70px !important;padding-bottom: 70px !important;}&#8221;][vc_custom_heading text=&#8221;REALIZZARE UNA PISCINA IN HOTEL E RESORT AGGIUNGE VALORE AL TUO AMBIENTE.&#8221; font_container=&#8221;tag:h3|text_align:center|color:%235f6263&#8243; use_theme_fonts=&#8221;yes&#8221;][vc_separator color=&#8221;custom&#8221; el_width=&#8221;20&#8243; accent_color=&#8221;#5f6263&#8243;][\/vc_column][\/vc_row]<\/p>\n","protected":false},"author":1,"featured_media":0,"parent":0,"menu_order":0,"comment_status":"closed","ping_status":"closed","template":"","meta":{"footnotes":""},"class_list":["post-71","page","type-page","status-publish","hentry","description-off"],"_links":{"self":[{"href":"https:\/\/pishinawellness.com\/index.php\/wp-json\/wp\/v2\/pages\/71","targetHints":{"allow":["GET"]}}],"collection":[{"href":"https:\/\/pishinawellness.com\/index.php\/wp-json\/wp\/v2\/pages"}],"about":[{"href":"https:\/\/pishinawellness.com\/index.php\/wp-json\/wp\/v2\/types\/page"}],"author":[{"embeddable":true,"href":"https:\/\/pishinawellness.com\/index.php\/wp-json\/wp\/v2\/users\/1"}],"replies":[{"embeddable":true,"href":"https:\/\/pishinawellness.com\/index.php\/wp-json\/wp\/v2\/comments?post=71"}],"version-history":[{"count":17,"href":"https:\/\/pishinawellness.com\/index.php\/wp-json\/wp\/v2\/pages\/71\/revisions"}],"predecessor-version":[{"id":1253,"href":"https:\/\/pishinawellness.com\/index.php\/wp-json\/wp\/v2\/pages\/71\/revisions\/1253"}],"wp:attachment":[{"href":"https:\/\/pishinawellness.com\/index.php\/wp-json\/wp\/v2\/media?parent=71"}],"curies":[{"name":"wp","href":"https:\/\/api.w.org\/{rel}","templated":true}]}}