{"id":701,"date":"2020-12-23T14:49:04","date_gmt":"2020-12-23T14:49:04","guid":{"rendered":"https:\/\/new.piscinawellness.it\/index.php\/hammam-bagno-turco\/"},"modified":"2021-02-02T16:30:27","modified_gmt":"2021-02-02T16:30:27","slug":"hamam","status":"publish","type":"page","link":"https:\/\/pishinawellness.com\/index.php\/hamam\/","title":{"rendered":"Hamam"},"content":{"rendered":"<div class=\"wpb-content-wrapper\"><p>[vc_row full_width=&#8221;stretch_row_content&#8221; bg_type=&#8221;bg_color&#8221; bg_override=&#8221;ex-full&#8221; bg_color_value=&#8221;rgba(183,184,187,0.2)&#8221; css=&#8221;.vc_custom_1605109971927{padding-top: 30px !important;padding-bottom: 30px !important;}&#8221;][vc_column width=&#8221;1\/2&#8243;][vc_single_image image=&#8221;2428&#8243; img_size=&#8221;1024&#215;450&#8243; alignment=&#8221;center&#8221;][\/vc_column][vc_column width=&#8221;1\/2&#8243;]<div class=\"ult-content-box-container box_class\" >\t\t<div class=\"ult-content-box\" style=\"box-shadow: px px px px none;-webkit-transition: all 700ms ease;-moz-transition: all 700ms ease;-ms-transition: all 700ms ease;-o-transition: all 700ms ease;transition: all 700ms ease;\"  data-hover_box_shadow=\"none\"    >[vc_row_inner][vc_column_inner width=&#8221;1\/12&#8243;][\/vc_column_inner][vc_column_inner width=&#8221;3\/4&#8243;][vc_empty_space height=&#8221;15px&#8221;][vc_column_text]<\/p>\n<p style=\"text-align: justify;\">Hamamet ose ndryshe banjo avulli u shfaq\u00ebn p\u00ebr her\u00eb t\u00eb par\u00eb n\u00eb periudh\u00ebn romake dhe m\u00eb von\u00eb u mor\u00ebn nga Turqit, pasi ato u p\u00ebrgjigjeshin m\u00eb s\u00eb miri k\u00ebrkesave p\u00ebr pastrim. Ndryshe nga sauna, p\u00ebrqindja e lag\u00ebshtis\u00eb s\u00eb hamamit \u00ebsht\u00eb 100%. P\u00ebr m\u00eb tep\u00ebr, ai shoq\u00ebrohet shpeshher\u00eb edhe me nj\u00eb banjo t\u00eb akullt. Temperatura e hamamit mund t\u00eb arrij\u00eb deri n\u00eb 50\u00b0C.<\/p>\n<p style=\"text-align: justify;\">Her\u00eb-her\u00eb i rekomanduar edhe nga mjek\u00ebt, hamami b\u00ebn t\u00eb mundur q\u00eb t\u00eb hapen poret e l\u00ebkur\u00ebs suaj sikurse edhe t\u00eb eliminohen bakteret e toksinat. P\u00ebr m\u00eb tep\u00ebr, ai \u00e7liron sinozitet dhe rrug\u00ebt e hund\u00ebs, qet\u00ebson dhimbjet muskulore si dhe leht\u00ebson rrug\u00ebt e frym\u00ebmarrjes. Natyrisht q\u00eb hamami nuk kuron gripin, por ndikon n\u00eb qet\u00ebsimin e simptomave t\u00eb tij. Personat q\u00eb vuajn\u00eb nga hipertensioni duhet t\u00eb tregohen t\u00eb kujdessh\u00ebm, t\u00eb konsultohen me mjekun p\u00ebrpara se t\u00eb shkojn\u00eb n\u00eb nj\u00eb banjo turke.<\/p>\n<p>[\/vc_column_text][\/vc_column_inner][\/vc_row_inner]\t\t<\/div><\/div>[\/vc_column][\/vc_row][vc_row full_width=&#8221;stretch_row_content&#8221; bg_type=&#8221;bg_color&#8221; bg_override=&#8221;ex-full&#8221; bg_color_value=&#8221;rgba(183,184,187,0.2)&#8221; css=&#8221;.vc_custom_1605109971927{padding-top: 30px !important;padding-bottom: 30px !important;}&#8221;][vc_column width=&#8221;1\/2&#8243;]<div class=\"ult-content-box-container box_class\" >\t\t<div class=\"ult-content-box\" style=\"box-shadow: px px px px none;-webkit-transition: all 700ms ease;-moz-transition: all 700ms ease;-ms-transition: all 700ms ease;-o-transition: all 700ms ease;transition: all 700ms ease;\"  data-hover_box_shadow=\"none\"    >[vc_row_inner][vc_column_inner width=&#8221;1\/12&#8243;][\/vc_column_inner][vc_column_inner width=&#8221;3\/4&#8243;][vc_column_text]<\/p>\n<p style=\"text-align: justify;\"><strong>10 p\u00ebrfitime q\u00eb mund t\u00eb keni n\u00eb nj\u00eb Banjo Turke (Hamam)<\/strong><\/p>\n<ul>\n<li style=\"text-align: justify;\">Detoksifikim fizik dhe emocional. Redukton stresin, ankthin dhe lejon nj\u00eb relaksim t\u00eb thell\u00eb.<\/li>\n<li style=\"text-align: justify;\">Zbukuron trupin dhe fytyr\u00ebn. Largon qelizat e vdekura nga trupi, hap poret nd\u00ebrsa eleminon toksinat nga l\u00ebkura.<\/li>\n<li style=\"text-align: justify;\">Lufton aknet. Ndihmon kurimin e plag\u00ebve dhe reduktimin e skuqjeve.<\/li>\n<li style=\"text-align: justify;\">Ushqen dhe rihidraton l\u00ebkur\u00ebn. Ofron vitamina esenciale dhe minerale.<\/li>\n<li style=\"text-align: justify;\">Kundra plakjes. Ndihmon tonifikimin, forcimin e l\u00ebkur\u00ebs, rrit elasticitetin.<\/li>\n<li style=\"text-align: justify;\">Ul tensionin e muskujve. Zvog\u00eblon dhimbjen e muskujve dhe reumatizmat.<\/li>\n<li style=\"text-align: justify;\">Gjum\u00eb m\u00eb t\u00eb rehatsh\u00ebm. Ndihmon n\u00eb p\u00ebrt\u00ebritjen e trupit gjat\u00eb fjetjes.<\/li>\n<li style=\"text-align: justify;\">Ndihmon sistemin imunitar. Aktivizon qarkullimin e gjakut.<\/li>\n<li style=\"text-align: justify;\">Lidh trupin me mendjen. M\u00eb shum\u00eb energji dhe balancim.<\/li>\n<li style=\"text-align: justify;\">Ndjesi bukurie. Ndjesi freskie dhe rigjenerim total i trupit.<\/li>\n<\/ul>\n<p>[\/vc_column_text][\/vc_column_inner][\/vc_row_inner]\t\t<\/div><\/div>[\/vc_column][vc_column width=&#8221;1\/2&#8243;][vc_single_image image=&#8221;2431&#8243; img_size=&#8221;1024&#215;450&#8243; alignment=&#8221;center&#8221;][\/vc_column][\/vc_row][vc_row full_width=&#8221;stretch_row_content&#8221;][vc_column css=&#8221;.vc_custom_1604485950044{padding-top: 70px !important;padding-bottom: 70px !important;}&#8221;][vc_custom_heading text=&#8221;REALIZIMI I HAMAM N\u00cb HOTELE &amp; RESORTE I SHTON VLERA AMBJENTIT TUAJ.&#8221; font_container=&#8221;tag:h3|text_align:center|color:%235f6263&#8243; use_theme_fonts=&#8221;yes&#8221;][vc_separator color=&#8221;custom&#8221; el_width=&#8221;20&#8243; accent_color=&#8221;#5f6263&#8243;]<div id=\"ult-carousel-49548348169d4dcded91fe\" class=\"ult-carousel-wrapper   ult_horizontal\" data-gutter=\"15\" data-rtl=\"false\" ><div class=\"ult-carousel-403336189169d4dcded578c \" >[vc_single_image image=&#8221;2434&#8243; img_size=&#8221;full&#8221;][vc_single_image image=&#8221;2437&#8243; img_size=&#8221;full&#8221;][vc_single_image image=&#8221;2440&#8243; img_size=&#8221;full&#8221;][vc_single_image image=&#8221;2443&#8243; img_size=&#8221;full&#8221;][vc_single_image image=&#8221;2449&#8243; img_size=&#8221;full&#8221;][vc_single_image image=&#8221;2452&#8243; img_size=&#8221;full&#8221;]<\/div><\/div>\t\t\t<script type=\"text\/javascript\">\n\t\t\t\tjQuery(document).ready(function ($) {\n\t\t\t\t\tif( typeof jQuery('.ult-carousel-403336189169d4dcded578c').slick == \"function\"){\n\t\t\t\t\t\t$('.ult-carousel-403336189169d4dcded578c').slick({dots: true,autoplay: true,autoplaySpeed: \"5000\",speed: \"300\",infinite: true,arrows: false,slidesToScroll:3,slidesToShow:3,swipe: true,draggable: true,touchMove: true,pauseOnHover: true,pauseOnFocus: false,responsive: [\n\t\t\t\t\t\t\t{\n\t\t\t\t\t\t\t  breakpoint: 1026,\n\t\t\t\t\t\t\t  settings: {\n\t\t\t\t\t\t\t\tslidesToShow: 3,\n\t\t\t\t\t\t\t\tslidesToScroll: 3,  \n\t\t\t\t\t\t\t  }\n\t\t\t\t\t\t\t},\n\t\t\t\t\t\t\t{\n\t\t\t\t\t\t\t  breakpoint: 1025,\n\t\t\t\t\t\t\t  settings: {\n\t\t\t\t\t\t\t\tslidesToShow: 2,\n\t\t\t\t\t\t\t\tslidesToScroll: 2\n\t\t\t\t\t\t\t  }\n\t\t\t\t\t\t\t},\n\t\t\t\t\t\t\t{\n\t\t\t\t\t\t\t  breakpoint: 760,\n\t\t\t\t\t\t\t  settings: {\n\t\t\t\t\t\t\t\tslidesToShow: 1,\n\t\t\t\t\t\t\t\tslidesToScroll: 1\n\t\t\t\t\t\t\t  }\n\t\t\t\t\t\t\t}\n\t\t\t\t\t\t],pauseOnDotsHover: true,customPaging: function(slider, i) {\n                   return '<i type=\"button\" style= \"color:#5f6263;\" class=\"ultsl-radio-checked\" data-role=\"none\"><\/i>';\n                },});\n\t\t\t\t\t}\n\t\t\t\t});\n\t\t\t<\/script>\n\t\t\t[\/vc_column][\/vc_row]<\/p>\n<\/div>","protected":false},"excerpt":{"rendered":"<p>[vc_row full_width=&#8221;stretch_row_content&#8221; bg_type=&#8221;bg_color&#8221; bg_override=&#8221;ex-full&#8221; bg_color_value=&#8221;rgba(183,184,187,0.2)&#8221; css=&#8221;.vc_custom_1605109971927{padding-top: 30px !important;padding-bottom: 30px !important;}&#8221;][vc_column width=&#8221;1\/2&#8243;][vc_single_image image=&#8221;2428&#8243; img_size=&#8221;1024&#215;450&#8243; alignment=&#8221;center&#8221;][\/vc_column][vc_column width=&#8221;1\/2&#8243;][\/vc_column][\/vc_row][vc_row full_width=&#8221;stretch_row_content&#8221; bg_type=&#8221;bg_color&#8221; bg_override=&#8221;ex-full&#8221; bg_color_value=&#8221;rgba(183,184,187,0.2)&#8221; css=&#8221;.vc_custom_1605109971927{padding-top: 30px !important;padding-bottom: 30px !important;}&#8221;][vc_column width=&#8221;1\/2&#8243;][\/vc_column][vc_column width=&#8221;1\/2&#8243;][vc_single_image image=&#8221;2431&#8243; img_size=&#8221;1024&#215;450&#8243; alignment=&#8221;center&#8221;][\/vc_column][\/vc_row][vc_row full_width=&#8221;stretch_row_content&#8221;][vc_column css=&#8221;.vc_custom_1604485950044{padding-top: 70px !important;padding-bottom: 70px !important;}&#8221;][vc_custom_heading text=&#8221;REALIZIMI I HAMAM N\u00cb HOTELE &amp; RESORTE I SHTON VLERA AMBJENTIT TUAJ.&#8221; font_container=&#8221;tag:h3|text_align:center|color:%235f6263&#8243; use_theme_fonts=&#8221;yes&#8221;][vc_separator color=&#8221;custom&#8221; el_width=&#8221;20&#8243; accent_color=&#8221;#5f6263&#8243;][\/vc_column][\/vc_row]<\/p>\n","protected":false},"author":1,"featured_media":0,"parent":0,"menu_order":0,"comment_status":"closed","ping_status":"closed","template":"","meta":{"footnotes":""},"class_list":["post-701","page","type-page","status-publish","hentry","description-off"],"_links":{"self":[{"href":"https:\/\/pishinawellness.com\/index.php\/wp-json\/wp\/v2\/pages\/701","targetHints":{"allow":["GET"]}}],"collection":[{"href":"https:\/\/pishinawellness.com\/index.php\/wp-json\/wp\/v2\/pages"}],"about":[{"href":"https:\/\/pishinawellness.com\/index.php\/wp-json\/wp\/v2\/types\/page"}],"author":[{"embeddable":true,"href":"https:\/\/pishinawellness.com\/index.php\/wp-json\/wp\/v2\/users\/1"}],"replies":[{"embeddable":true,"href":"https:\/\/pishinawellness.com\/index.php\/wp-json\/wp\/v2\/comments?post=701"}],"version-history":[{"count":7,"href":"https:\/\/pishinawellness.com\/index.php\/wp-json\/wp\/v2\/pages\/701\/revisions"}],"predecessor-version":[{"id":712,"href":"https:\/\/pishinawellness.com\/index.php\/wp-json\/wp\/v2\/pages\/701\/revisions\/712"}],"wp:attachment":[{"href":"https:\/\/pishinawellness.com\/index.php\/wp-json\/wp\/v2\/media?parent=701"}],"curies":[{"name":"wp","href":"https:\/\/api.w.org\/{rel}","templated":true}]}}