{"id":683,"date":"2020-12-23T14:11:59","date_gmt":"2020-12-23T14:11:59","guid":{"rendered":"https:\/\/new.piscinawellness.it\/index.php\/bio-sauna\/"},"modified":"2021-02-02T16:36:36","modified_gmt":"2021-02-02T16:36:36","slug":"bio-sauna","status":"publish","type":"page","link":"https:\/\/pishinawellness.com\/index.php\/bio-sauna\/","title":{"rendered":"Bio Sauna"},"content":{"rendered":"<div class=\"wpb-content-wrapper\"><p>[vc_row full_width=&#8221;stretch_row_content&#8221; bg_type=&#8221;bg_color&#8221; bg_override=&#8221;ex-full&#8221; bg_color_value=&#8221;rgba(183,184,187,0.2)&#8221; css=&#8221;.vc_custom_1605109971927{padding-top: 30px !important;padding-bottom: 30px !important;}&#8221;][vc_column width=&#8221;1\/2&#8243;][vc_single_image image=&#8221;2459&#8243; img_size=&#8221;1024&#215;450&#8243; alignment=&#8221;center&#8221;][\/vc_column][vc_column width=&#8221;1\/2&#8243;]<div class=\"ult-content-box-container box_class\" >\t\t<div class=\"ult-content-box\" style=\"box-shadow: px px px px none;-webkit-transition: all 700ms ease;-moz-transition: all 700ms ease;-ms-transition: all 700ms ease;-o-transition: all 700ms ease;transition: all 700ms ease;\"  data-hover_box_shadow=\"none\"    >[vc_row_inner][vc_column_inner width=&#8221;1\/12&#8243;][\/vc_column_inner][vc_column_inner width=&#8221;3\/4&#8243;][vc_empty_space height=&#8221;40px&#8221;][vc_column_text]Bio-sauna \u00ebsht\u00eb alternativa moderne e saunas tradicionale finlandeze dhe \u00ebsht\u00eb projektuar p\u00ebr t\u00eb gjith\u00eb ata q\u00eb vuajn\u00eb nga temperaturat e larta. Bio-sauna \u00ebsht\u00eb nj\u00eb sauna me atmosfer\u00eb t\u00eb lag\u00ebsht, me nj\u00eb temperatur\u00eb maksimale prej rreth 50\/60 \u00b0C dhe nj\u00eb lag\u00ebshti prej 60\/70%. P\u00ebr t\u00eb arritur k\u00ebt\u00eb mjedis t\u00eb ve\u00e7ant\u00eb duhet t\u00eb instalohet brenda saunas nj\u00eb BIO-HEATER, i cili \u00ebsht\u00eb nj\u00eb ngroh\u00ebs tradicional p\u00ebr sauna, me element\u00eb ngroh\u00ebs t\u00eb ngulitur n\u00eb shk\u00ebmbinj, n\u00eb t\u00eb cil\u00ebn ndodhet nj\u00eb gjenerator me avull (nj\u00eb rezervuar uji me nj\u00eb element ngroh\u00ebs brenda).<\/p>\n<p>Nj\u00eb bio-sauna ka nj\u00eb r\u00ebnd\u00ebsi t\u00eb trefisht\u00eb. Ajo krijon nj\u00eb ekuilib\u00ebr mes temperatur\u00ebs dhe p\u00ebrmbajtjes s\u00eb lag\u00ebshtis\u00eb n\u00eb ambjent, por gjithashtu mund t\u00eb jet\u00eb dhe vet\u00ebm sauna (me temperatur\u00eb maksimale 110 \u00b0C) ose ajo mund t\u00eb shnd\u00ebrrohet n\u00eb nj\u00eb mjedis me lag\u00ebshti t\u00eb lart\u00eb, por kurr\u00eb t\u00eb jet\u00eb e krahasueshme me banj\u00ebn turke. Nga nj\u00ebsia e kontrollit mund t\u00eb ngrini temperatur\u00ebn (80\/90 \u00b0 C) dhe t\u00eb zvog\u00ebloni p\u00ebrmbajtjen e lag\u00ebshtis\u00eb p\u00ebr t\u00eb pasur nj\u00eb sauna tradicionale. N\u00eb t\u00eb kund\u00ebrt, ju mund t\u00eb merrni nj\u00eb mjedis shum\u00eb t\u00eb lag\u00ebsht.[\/vc_column_text][\/vc_column_inner][\/vc_row_inner]\t\t<\/div><\/div>[\/vc_column][\/vc_row][vc_row full_width=&#8221;stretch_row_content&#8221; bg_type=&#8221;bg_color&#8221; bg_override=&#8221;ex-full&#8221; bg_color_value=&#8221;rgba(183,184,187,0.2)&#8221; css=&#8221;.vc_custom_1605109971927{padding-top: 30px !important;padding-bottom: 30px !important;}&#8221;][vc_column width=&#8221;1\/2&#8243;]<div class=\"ult-content-box-container box_class\" >\t\t<div class=\"ult-content-box\" style=\"box-shadow: px px px px none;-webkit-transition: all 700ms ease;-moz-transition: all 700ms ease;-ms-transition: all 700ms ease;-o-transition: all 700ms ease;transition: all 700ms ease;\"  data-hover_box_shadow=\"none\"    >[vc_row_inner][vc_column_inner width=&#8221;1\/12&#8243;][\/vc_column_inner][vc_column_inner width=&#8221;3\/4&#8243;][vc_column_text]<\/p>\n<div class=\"wpb_text_column wpb_content_element \">\n<div class=\"wpb_wrapper\">\n<p><strong>P\u00ebr \u00e7far\u00eb sh\u00ebrben Biosauna?<\/strong><\/p>\n<\/div>\n<\/div>\n<div class=\"wpb_text_column wpb_content_element \">\n<div class=\"wpb_wrapper\">\n<ul>\n<li>\u00cbsht\u00eb konfirmuar se bio-sauna, e quajtur edhe sanatorium, sjell dobi n\u00eb aparatin kardiovaskular.<\/li>\n<li>Sauna bio p\u00ebrdoret si nj\u00eb instrument i bukuris\u00eb. Banja e saj e nxeht\u00ebsis\u00eb n\u00eb temperatur\u00eb t\u00eb but\u00eb, lejon l\u00ebkur\u00ebn ton\u00eb t\u00eb marr frym\u00eb, duke realizuar eliminimin e toksinave dhe papast\u00ebrtive p\u00ebrmes djers\u00ebs dhe qelizave t\u00eb vdekura t\u00eb l\u00ebkur\u00ebs, t\u00eb cilat do t\u00eb jen\u00eb menj\u00ebher\u00eb t\u00eb buta, t\u00eb zhd\u00ebrvjellta dhe t\u00eb ndritshme. Gjithashtu biosauna ka disa p\u00ebrfitime n\u00eb metabolizmin ton\u00eb: rritja e rrahjeve t\u00eb zemr\u00ebs ndihmon p\u00ebr t\u00eb djegur dhjamin dhe p\u00ebr t\u00eb eliminuar l\u00ebngjet. Mos harroni: ai \u00ebsht\u00eb nj\u00eb aleat i vlefsh\u00ebm n\u00eb detoksifikimin e trupit, por jo nj\u00eb mjet p\u00ebr humbjen e pesh\u00ebs.<\/li>\n<li>Shpesh bio-sauna rekomandohet si rehabilitim p\u00ebr njer\u00ebzit q\u00eb kan\u00eb kaluar infrakt. Muskujt e zemr\u00ebs p\u00ebrforcohen me 120 rrahje n\u00eb minut\u00eb q\u00eb zemra mund t\u00eb arrij\u00eb brenda sanatoriumit.<\/li>\n<\/ul>\n<\/div>\n<\/div>\n<p>[\/vc_column_text][\/vc_column_inner][\/vc_row_inner]\t\t<\/div><\/div>[\/vc_column][vc_column width=&#8221;1\/2&#8243;][vc_single_image image=&#8221;2463&#8243; img_size=&#8221;1024&#215;450&#8243; alignment=&#8221;center&#8221;][\/vc_column][\/vc_row][vc_row full_width=&#8221;stretch_row_content&#8221;][vc_column css=&#8221;.vc_custom_1604485950044{padding-top: 70px !important;padding-bottom: 70px !important;}&#8221;][vc_custom_heading text=&#8221;REALIZIMI I BIOSAUNAVE N\u00cb HOTELE &amp; RESORTE I SHTON VLERA AMBJENTIT TUAJ.&#8221; font_container=&#8221;tag:h3|text_align:center|color:%235f6263&#8243; use_theme_fonts=&#8221;yes&#8221;][vc_separator color=&#8221;custom&#8221; el_width=&#8221;20&#8243; accent_color=&#8221;#5f6263&#8243;]<div id=\"ult-carousel-152828184169d2b632d7804\" class=\"ult-carousel-wrapper   ult_horizontal\" data-gutter=\"15\" data-rtl=\"false\" ><div class=\"ult-carousel-409923694069d2b632d7726 \" >[vc_single_image image=&#8221;2466&#8243; img_size=&#8221;full&#8221;][vc_single_image image=&#8221;2469&#8243; img_size=&#8221;full&#8221;][vc_single_image image=&#8221;2472&#8243; img_size=&#8221;full&#8221;][vc_single_image image=&#8221;2475&#8243; img_size=&#8221;full&#8221;][vc_single_image image=&#8221;2478&#8243; img_size=&#8221;full&#8221;][vc_single_image image=&#8221;2481&#8243; img_size=&#8221;full&#8221;][vc_single_image image=&#8221;2484&#8243; img_size=&#8221;full&#8221;][vc_single_image image=&#8221;2490&#8243; img_size=&#8221;full&#8221;]<\/div><\/div>\t\t\t<script type=\"text\/javascript\">\n\t\t\t\tjQuery(document).ready(function ($) {\n\t\t\t\t\tif( typeof jQuery('.ult-carousel-409923694069d2b632d7726').slick == \"function\"){\n\t\t\t\t\t\t$('.ult-carousel-409923694069d2b632d7726').slick({dots: true,autoplay: true,autoplaySpeed: \"5000\",speed: \"300\",infinite: true,arrows: false,slidesToScroll:3,slidesToShow:3,swipe: true,draggable: true,touchMove: true,pauseOnHover: true,pauseOnFocus: false,responsive: [\n\t\t\t\t\t\t\t{\n\t\t\t\t\t\t\t  breakpoint: 1026,\n\t\t\t\t\t\t\t  settings: {\n\t\t\t\t\t\t\t\tslidesToShow: 3,\n\t\t\t\t\t\t\t\tslidesToScroll: 3,  \n\t\t\t\t\t\t\t  }\n\t\t\t\t\t\t\t},\n\t\t\t\t\t\t\t{\n\t\t\t\t\t\t\t  breakpoint: 1025,\n\t\t\t\t\t\t\t  settings: {\n\t\t\t\t\t\t\t\tslidesToShow: 2,\n\t\t\t\t\t\t\t\tslidesToScroll: 2\n\t\t\t\t\t\t\t  }\n\t\t\t\t\t\t\t},\n\t\t\t\t\t\t\t{\n\t\t\t\t\t\t\t  breakpoint: 760,\n\t\t\t\t\t\t\t  settings: {\n\t\t\t\t\t\t\t\tslidesToShow: 1,\n\t\t\t\t\t\t\t\tslidesToScroll: 1\n\t\t\t\t\t\t\t  }\n\t\t\t\t\t\t\t}\n\t\t\t\t\t\t],pauseOnDotsHover: true,customPaging: function(slider, i) {\n                   return '<i type=\"button\" style= \"color:#5f6263;\" class=\"ultsl-radio-checked\" data-role=\"none\"><\/i>';\n                },});\n\t\t\t\t\t}\n\t\t\t\t});\n\t\t\t<\/script>\n\t\t\t[\/vc_column][\/vc_row]<\/p>\n<\/div>","protected":false},"excerpt":{"rendered":"<p>[vc_row full_width=&#8221;stretch_row_content&#8221; bg_type=&#8221;bg_color&#8221; bg_override=&#8221;ex-full&#8221; bg_color_value=&#8221;rgba(183,184,187,0.2)&#8221; css=&#8221;.vc_custom_1605109971927{padding-top: 30px !important;padding-bottom: 30px !important;}&#8221;][vc_column width=&#8221;1\/2&#8243;][vc_single_image image=&#8221;2459&#8243; img_size=&#8221;1024&#215;450&#8243; alignment=&#8221;center&#8221;][\/vc_column][vc_column width=&#8221;1\/2&#8243;][\/vc_column][\/vc_row][vc_row full_width=&#8221;stretch_row_content&#8221; bg_type=&#8221;bg_color&#8221; bg_override=&#8221;ex-full&#8221; bg_color_value=&#8221;rgba(183,184,187,0.2)&#8221; css=&#8221;.vc_custom_1605109971927{padding-top: 30px !important;padding-bottom: 30px !important;}&#8221;][vc_column width=&#8221;1\/2&#8243;][\/vc_column][vc_column width=&#8221;1\/2&#8243;][vc_single_image image=&#8221;2463&#8243; img_size=&#8221;1024&#215;450&#8243; alignment=&#8221;center&#8221;][\/vc_column][\/vc_row][vc_row full_width=&#8221;stretch_row_content&#8221;][vc_column css=&#8221;.vc_custom_1604485950044{padding-top: 70px !important;padding-bottom: 70px !important;}&#8221;][vc_custom_heading text=&#8221;REALIZIMI I BIOSAUNAVE N\u00cb HOTELE &amp; RESORTE I SHTON VLERA AMBJENTIT TUAJ.&#8221; font_container=&#8221;tag:h3|text_align:center|color:%235f6263&#8243; use_theme_fonts=&#8221;yes&#8221;][vc_separator color=&#8221;custom&#8221; el_width=&#8221;20&#8243; accent_color=&#8221;#5f6263&#8243;][\/vc_column][\/vc_row]<\/p>\n","protected":false},"author":1,"featured_media":0,"parent":0,"menu_order":0,"comment_status":"closed","ping_status":"closed","template":"","meta":{"footnotes":""},"class_list":["post-683","page","type-page","status-publish","hentry","description-off"],"_links":{"self":[{"href":"https:\/\/pishinawellness.com\/index.php\/wp-json\/wp\/v2\/pages\/683","targetHints":{"allow":["GET"]}}],"collection":[{"href":"https:\/\/pishinawellness.com\/index.php\/wp-json\/wp\/v2\/pages"}],"about":[{"href":"https:\/\/pishinawellness.com\/index.php\/wp-json\/wp\/v2\/types\/page"}],"author":[{"embeddable":true,"href":"https:\/\/pishinawellness.com\/index.php\/wp-json\/wp\/v2\/users\/1"}],"replies":[{"embeddable":true,"href":"https:\/\/pishinawellness.com\/index.php\/wp-json\/wp\/v2\/comments?post=683"}],"version-history":[{"count":5,"href":"https:\/\/pishinawellness.com\/index.php\/wp-json\/wp\/v2\/pages\/683\/revisions"}],"predecessor-version":[{"id":2462,"href":"https:\/\/pishinawellness.com\/index.php\/wp-json\/wp\/v2\/pages\/683\/revisions\/2462"}],"wp:attachment":[{"href":"https:\/\/pishinawellness.com\/index.php\/wp-json\/wp\/v2\/media?parent=683"}],"curies":[{"name":"wp","href":"https:\/\/api.w.org\/{rel}","templated":true}]}}