{"id":643,"date":"2020-12-22T13:23:44","date_gmt":"2020-12-22T13:23:44","guid":{"rendered":"https:\/\/new.piscinawellness.it\/index.php\/chi-siamo\/"},"modified":"2021-01-19T14:38:11","modified_gmt":"2021-01-19T14:38:11","slug":"rreth-nesh","status":"publish","type":"page","link":"https:\/\/pishinawellness.com\/index.php\/rreth-nesh\/","title":{"rendered":"Rreth Nesh"},"content":{"rendered":"<div class=\"wpb-content-wrapper\"><p>[vc_row full_width=&#8221;stretch_row_content&#8221; bg_type=&#8221;image&#8221; bg_override=&#8221;ex-full&#8221; css=&#8221;.vc_custom_1608643071877{background-color: rgba(183,184,187,0.2) !important;*background-color: rgb(183,184,187) !important;}&#8221;][vc_column width=&#8221;1\/2&#8243; offset=&#8221;vc_hidden-md vc_hidden-sm vc_hidden-xs&#8221;][vc_single_image image=&#8221;1906&#8243; img_size=&#8221;1024X450&#8243;][\/vc_column][vc_column width=&#8221;1\/2&#8243; offset=&#8221;vc_hidden-md vc_hidden-sm vc_hidden-xs&#8221;]<div class=\"ult-content-box-container box_class\" >\t\t<div class=\"ult-content-box\" style=\"box-shadow: px px px px none;-webkit-transition: all 700ms ease;-moz-transition: all 700ms ease;-ms-transition: all 700ms ease;-o-transition: all 700ms ease;transition: all 700ms ease;\"  data-hover_box_shadow=\"none\"    >[vc_row_inner][vc_column_inner width=&#8221;1\/12&#8243;][\/vc_column_inner][vc_column_inner width=&#8221;3\/4&#8243;][vc_custom_heading text=&#8221;RRETH NESH&#8221; font_container=&#8221;tag:h2|font_size:18|text_align:left|color:%235f6263&#8243; use_theme_fonts=&#8221;yes&#8221;][vc_column_text]<span style=\"color: #000000; font-family: Futura PT Multilingual W02,Futura PT Multilingual W10,Helvetica,Arial,sans-serif !important;\"><br \/>\nKompania PISCINA &amp; WELLNESS u formua n\u00eb Veri t\u00eb Italis\u00eb, e cila u vendos n\u00eb rradh\u00ebn e kompanive m\u00eb prestigjoze n\u00eb Itali p\u00ebr cil\u00ebsin\u00eb dhe organizimin, ku mori dhe \u00e7mime n\u00eb cil\u00ebsi nga Entet Europiane. Pas nj\u00eb eksperince t\u00eb gjat\u00eb punimesh n\u00eb Itali, Austri, Gjermani e Zvic\u00ebr.<\/span><\/p>\n<p><span style=\"color: #000000; font-family: Futura PT Multilingual W02,Futura PT Multilingual W10,Helvetica,Arial,sans-serif !important;\">Prej vitit 2010 Lamthi Group ka ekskluzivitetin e Piscinawellness p\u00ebr Ballkanin<\/span><\/p>\n<p><span style=\"color: #000000; font-family: Futura PT Multilingual W02,Futura PT Multilingual W10,Helvetica,Arial,sans-serif !important;\">PISCINA &amp; WELLNESS \u00ebsht\u00eb e specializuar n\u00eb sektorin e nd\u00ebrtimit dhe montimit p\u00ebr: Pishina, Sauna, Banjo Turke, Bio Sauna, Haloterapi (Dhoma me krip\u00eb), Kalim Kneipp, Hidromasazh, Shat\u00ebrvane, Jakuzzi, etj.<\/span><\/p>\n<p><span style=\"color: #000000; font-family: Futura PT Multilingual W02,Futura PT Multilingual W10,Helvetica,Arial,sans-serif !important;\">PISCINA &amp; WELLNESS tashm\u00eb e njohur si lider n\u00eb k\u00ebt\u00eb fush\u00eb, mund t\u00eb realizoj\u00eb punimet si m\u00eb posht\u00eb: Pishin\u00eb aquapark, pishin\u00eb p\u00ebr vila, pishin\u00eb p\u00ebr komplekse, pishin\u00eb t\u00eb brendshme, pishin\u00eb dim\u00ebrore, pishina pa klor, pishin\u00eb olimpike si dhe shat\u00ebrvane dhe kaskada. Kompania gjithashtu ofron t\u00eb gjith\u00eb akesor\u00ebt e nevojsh\u00ebm: aksesor\u00eb pishine, detergjent pishine, kimikat pishine, sisteme automatik dozimi p\u00ebr kimikate, etj.<\/span>[\/vc_column_text][\/vc_column_inner][\/vc_row_inner]\t\t<\/div><\/div>[\/vc_column][\/vc_row][vc_row css=&#8221;.vc_custom_1608644960584{padding-top: 50px !important;padding-bottom: 70px !important;}&#8221;][vc_column][vc_custom_heading text=&#8221;Standartet Tona&#8221; font_container=&#8221;tag:h2|font_size:23|text_align:center|color:%235f6263&#8243; use_theme_fonts=&#8221;yes&#8221;][vc_separator color=&#8221;custom&#8221; border_width=&#8221;2&#8243; el_width=&#8221;10&#8243; accent_color=&#8221;#5f6263&#8243;][vc_row_inner css=&#8221;.vc_custom_1608645061178{padding-top: -20px !important;}&#8221;][vc_column_inner width=&#8221;1\/3&#8243;]<div class=\"aio-icon-component    style_2\"><div id=\"Info-box-wrap-9944\" class=\"aio-icon-box square_box-icon\" style=\"border-color:#5f6263;border-style:solid;border-width:1px;\" data-min-height='248px' ><div class=\"aio-icon-square_box\"><div class=\"ult-just-icon-wrapper  \"><div class=\"align-icon\" style=\"text-align:center;\">\n<div class=\"aio-icon-img  uavc-circle \" style=\"font-size:60px;background:#ffffff;display:inline-block;\" >\n\t<img decoding=\"async\" class=\"img-icon\" alt=\"null\" src=\"https:\/\/pishinawellness.com\/wp-content\/uploads\/2020\/12\/target.png\"\/>\n<\/div><\/div><\/div><\/div><div class=\"aio-icon-header\" ><h3 class=\"aio-icon-title ult-responsive\"  data-ultimate-target='#Info-box-wrap-9944 .aio-icon-title'  data-responsive-json-new='{\"font-size\":\"\",\"line-height\":\"\"}'  style=\"\">Misioni<\/h3><\/div> <!-- header --><div class=\"aio-icon-description ult-responsive\"  data-ultimate-target='#Info-box-wrap-9944 .aio-icon-description'  data-responsive-json-new='{\"font-size\":\"\",\"line-height\":\"\"}'  style=\"\"><\/p>\n<p style=\"text-align: center;\">Misioni \u00ebsht\u00eb t\u00eb ofroj\u00eb standarte mbi t\u00eb cilat nd\u00ebrtohet \u00e7do veprim i kompanis\u00eb. P\u00ebr t\u00eb krijuar ambiente dhe mjedise t\u00eb rehatshme. P\u00ebr t\u00eb frym\u00ebzuar momente optimizmi dhe lumturie. P\u00ebr t\u00eb krijuar vlera dhe p\u00ebr t\u00eb sjell\u00eb ndryshimin.<\/p>\n<p><\/div> <!-- description --><\/div> <!-- aio-icon-box --><\/div> <!-- aio-icon-component -->[\/vc_column_inner][vc_column_inner width=&#8221;1\/3&#8243;]<div class=\"aio-icon-component    style_2\"><div id=\"Info-box-wrap-7645\" class=\"aio-icon-box square_box-icon\" style=\"border-color:#5f6263;border-style:solid;border-width:1px;\" data-min-height='248px' ><div class=\"aio-icon-square_box\"><div class=\"ult-just-icon-wrapper  \"><div class=\"align-icon\" style=\"text-align:center;\">\n<div class=\"aio-icon-img  uavc-circle \" style=\"font-size:60px;background:#ffffff;display:inline-block;\" >\n\t<img decoding=\"async\" class=\"img-icon\" alt=\"null\" src=\"https:\/\/pishinawellness.com\/wp-content\/uploads\/2020\/12\/vision.png\"\/>\n<\/div><\/div><\/div><\/div><div class=\"aio-icon-header\" ><h3 class=\"aio-icon-title ult-responsive\"  data-ultimate-target='#Info-box-wrap-7645 .aio-icon-title'  data-responsive-json-new='{\"font-size\":\"\",\"line-height\":\"\"}'  style=\"\">Vizioni<\/h3><\/div> <!-- header --><div class=\"aio-icon-description ult-responsive\"  data-ultimate-target='#Info-box-wrap-7645 .aio-icon-description'  data-responsive-json-new='{\"font-size\":\"\",\"line-height\":\"\"}'  style=\"\"><\/p>\n<p style=\"text-align: center;\">Vizioni yn\u00eb \u00ebsht\u00eb t\u00eb ofrojm\u00eb tek ju cil\u00ebsin\u00eb dhe dizajnet e fundit Europiane. T\u00eb ofrojm\u00eb \u00e7mimet m\u00eb t\u00eb mira n\u00eb treg n\u00eb raport me cil\u00ebsin\u00eb.<\/p>\n<p><\/div> <!-- description --><\/div> <!-- aio-icon-box --><\/div> <!-- aio-icon-component -->[\/vc_column_inner][vc_column_inner width=&#8221;1\/3&#8243;]<div class=\"aio-icon-component    style_2\"><div id=\"Info-box-wrap-2696\" class=\"aio-icon-box square_box-icon\" style=\"border-color:#5f6263;border-style:solid;border-width:1px;\" data-min-height='200px' ><div class=\"aio-icon-square_box\"><div class=\"ult-just-icon-wrapper  \"><div class=\"align-icon\" style=\"text-align:center;\">\n<div class=\"aio-icon-img  uavc-circle \" style=\"font-size:60px;background:#ffffff;display:inline-block;\" >\n\t<img decoding=\"async\" class=\"img-icon\" alt=\"null\" src=\"https:\/\/pishinawellness.com\/wp-content\/uploads\/2020\/12\/conference-hall.png\"\/>\n<\/div><\/div><\/div><\/div><div class=\"aio-icon-header\" ><h3 class=\"aio-icon-title ult-responsive\"  data-ultimate-target='#Info-box-wrap-2696 .aio-icon-title'  data-responsive-json-new='{\"font-size\":\"\",\"line-height\":\"\"}'  style=\"\">Kultura e Kompanise<\/h3><\/div> <!-- header --><div class=\"aio-icon-description ult-responsive\"  data-ultimate-target='#Info-box-wrap-2696 .aio-icon-description'  data-responsive-json-new='{\"font-size\":\"\",\"line-height\":\"\"}'  style=\"\"><\/p>\n<p style=\"text-align: center;\">Forca e kompanis\u00eb PISCINA &amp; WELLNESS q\u00ebndron tek korrekt\u00ebsia, \u00e7mimi dhe cil\u00ebsia. Ne zhvillojm\u00eb integritetin dhe respektojm\u00eb etik\u00ebn e biznesit p\u00ebr mbar\u00ebvajtjen e marr\u00ebdh\u00ebnieve me klient\u00ebt tan\u00eb.<\/p>\n<p><\/div> <!-- description --><\/div> <!-- aio-icon-box --><\/div> <!-- aio-icon-component -->[\/vc_column_inner][\/vc_row_inner][\/vc_column][\/vc_row][vc_row bg_type=&#8221;image&#8221; parallax_style=&#8221;vcpb-default&#8221; bg_image_new=&#8221;id^120|url^https:\/\/pishinawellness.com\/wp-content\/uploads\/2020\/12\/slider-spa-hammam.jpg|caption^null|alt^null|title^slider-spa-hammam|description^null&#8221; bg_img_attach=&#8221;fixed&#8221; bg_override=&#8221;ex-full&#8221; enable_overlay=&#8221;enable_overlay_value&#8221; overlay_color=&#8221;#5f6263&#8243; overlay_pattern_opacity=&#8221;0.3&#8243;][vc_column css=&#8221;.vc_custom_1604485600429{padding-top: 200px !important;padding-bottom: 200px !important;}&#8221;][vc_custom_heading text=&#8221;PISCINA &amp; WELLNESS SINCE 1977&#8243; font_container=&#8221;tag:h2|font_size:30|text_align:center|color:%23ffffff&#8221; use_theme_fonts=&#8221;yes&#8221;][vc_custom_heading text=&#8221;Fuqia e kompanis\u00eb PISCINA WELLNESS q\u00ebndron n\u00eb kompetenc\u00ebn, \u00e7mimet dhe cil\u00ebsin\u00eb e saj&#8221; font_container=&#8221;tag:h4|text_align:center|color:%23ffffff&#8221; use_theme_fonts=&#8221;yes&#8221;][\/vc_column][\/vc_row]<\/p>\n<\/div>","protected":false},"excerpt":{"rendered":"<p>[vc_row full_width=&#8221;stretch_row_content&#8221; bg_type=&#8221;image&#8221; bg_override=&#8221;ex-full&#8221; css=&#8221;.vc_custom_1608643071877{background-color: rgba(183,184,187,0.2) !important;*background-color: rgb(183,184,187) !important;}&#8221;][vc_column width=&#8221;1\/2&#8243; offset=&#8221;vc_hidden-md vc_hidden-sm vc_hidden-xs&#8221;][vc_single_image image=&#8221;1906&#8243; img_size=&#8221;1024X450&#8243;][\/vc_column][vc_column width=&#8221;1\/2&#8243; offset=&#8221;vc_hidden-md vc_hidden-sm vc_hidden-xs&#8221;][\/vc_column][\/vc_row][vc_row css=&#8221;.vc_custom_1608644960584{padding-top: 50px !important;padding-bottom: 70px !important;}&#8221;][vc_column][vc_custom_heading text=&#8221;Standartet Tona&#8221; font_container=&#8221;tag:h2|font_size:23|text_align:center|color:%235f6263&#8243; use_theme_fonts=&#8221;yes&#8221;][vc_separator color=&#8221;custom&#8221; border_width=&#8221;2&#8243; el_width=&#8221;10&#8243; accent_color=&#8221;#5f6263&#8243;][vc_row_inner css=&#8221;.vc_custom_1608645061178{padding-top: -20px !important;}&#8221;][vc_column_inner width=&#8221;1\/3&#8243;][\/vc_column_inner][vc_column_inner width=&#8221;1\/3&#8243;][\/vc_column_inner][vc_column_inner width=&#8221;1\/3&#8243;][\/vc_column_inner][\/vc_row_inner][\/vc_column][\/vc_row][vc_row bg_type=&#8221;image&#8221; parallax_style=&#8221;vcpb-default&#8221; bg_image_new=&#8221;id^120|url^https:\/\/pishinawellness.com\/wp-content\/uploads\/2020\/12\/slider-spa-hammam.jpg|caption^null|alt^null|title^slider-spa-hammam|description^null&#8221; bg_img_attach=&#8221;fixed&#8221; bg_override=&#8221;ex-full&#8221; enable_overlay=&#8221;enable_overlay_value&#8221; overlay_color=&#8221;#5f6263&#8243; overlay_pattern_opacity=&#8221;0.3&#8243;][vc_column css=&#8221;.vc_custom_1604485600429{padding-top: 200px !important;padding-bottom: 200px !important;}&#8221;][vc_custom_heading text=&#8221;PISCINA &amp; WELLNESS SINCE&hellip;<\/p>\n","protected":false},"author":1,"featured_media":0,"parent":0,"menu_order":0,"comment_status":"closed","ping_status":"closed","template":"","meta":{"footnotes":""},"class_list":["post-643","page","type-page","status-publish","hentry","description-off"],"_links":{"self":[{"href":"https:\/\/pishinawellness.com\/index.php\/wp-json\/wp\/v2\/pages\/643","targetHints":{"allow":["GET"]}}],"collection":[{"href":"https:\/\/pishinawellness.com\/index.php\/wp-json\/wp\/v2\/pages"}],"about":[{"href":"https:\/\/pishinawellness.com\/index.php\/wp-json\/wp\/v2\/types\/page"}],"author":[{"embeddable":true,"href":"https:\/\/pishinawellness.com\/index.php\/wp-json\/wp\/v2\/users\/1"}],"replies":[{"embeddable":true,"href":"https:\/\/pishinawellness.com\/index.php\/wp-json\/wp\/v2\/comments?post=643"}],"version-history":[{"count":4,"href":"https:\/\/pishinawellness.com\/index.php\/wp-json\/wp\/v2\/pages\/643\/revisions"}],"predecessor-version":[{"id":1910,"href":"https:\/\/pishinawellness.com\/index.php\/wp-json\/wp\/v2\/pages\/643\/revisions\/1910"}],"wp:attachment":[{"href":"https:\/\/pishinawellness.com\/index.php\/wp-json\/wp\/v2\/media?parent=643"}],"curies":[{"name":"wp","href":"https:\/\/api.w.org\/{rel}","templated":true}]}}