{"id":600,"date":"2020-11-03T13:47:18","date_gmt":"2020-11-03T13:47:18","guid":{"rendered":"https:\/\/new.piscinawellness.it\/index.php\/home\/"},"modified":"2021-01-27T11:34:09","modified_gmt":"2021-01-27T11:34:09","slug":"home","status":"publish","type":"page","link":"https:\/\/pishinawellness.com\/","title":{"rendered":"Home"},"content":{"rendered":"<div class=\"wpb-content-wrapper\"><p>[vc_row full_width=&#8221;stretch_row_content&#8221; bg_type=&#8221;image&#8221; bg_override=&#8221;ex-full&#8221; css=&#8221;.vc_custom_1605104304846{background-color: rgba(183,184,187,0.2) !important;*background-color: rgb(183,184,187) !important;}&#8221;][vc_column width=&#8221;1\/2&#8243; offset=&#8221;vc_hidden-md vc_hidden-sm vc_hidden-xs&#8221;][vc_single_image image=&#8221;1924&#8243; img_size=&#8221;full&#8221; css=&#8221;.vc_custom_1611325351227{margin-left: -15px !important;}&#8221;][\/vc_column][vc_column width=&#8221;1\/2&#8243; offset=&#8221;vc_hidden-md vc_hidden-sm vc_hidden-xs&#8221;]<div class=\"ult-content-box-container box_class\" >\t\t<div class=\"ult-content-box\" style=\"box-shadow: px px px px none;-webkit-transition: all 700ms ease;-moz-transition: all 700ms ease;-ms-transition: all 700ms ease;-o-transition: all 700ms ease;transition: all 700ms ease;\"  data-hover_box_shadow=\"none\"    >[vc_row_inner][vc_column_inner width=&#8221;1\/12&#8243;][\/vc_column_inner][vc_column_inner width=&#8221;3\/4&#8243;][vc_custom_heading text=&#8221;MIR\u00cbSEVINI N\u00cb PISCINA WELLNESS&#8221; font_container=&#8221;tag:h6|text_align:left|color:%235f6263&#8243; use_theme_fonts=&#8221;yes&#8221;][vc_separator color=&#8221;custom&#8221; align=&#8221;align_left&#8221; border_width=&#8221;2&#8243; el_width=&#8221;20&#8243; accent_color=&#8221;#5f6263&#8243;][\/vc_column_inner][\/vc_row_inner][vc_row_inner][vc_column_inner width=&#8221;1\/12&#8243;][\/vc_column_inner][vc_column_inner width=&#8221;3\/4&#8243;][vc_custom_heading text=&#8221;T\u00eb specializuar n\u00eb sektorin e nd\u00ebrtimit &amp; montimit p\u00ebr pishina, sauna, banjo turke, hidromasazh, etj.&#8221; font_container=&#8221;tag:h2|font_size:18|text_align:left|color:%235f6263&#8243; use_theme_fonts=&#8221;yes&#8221;][vc_column_text]<span style=\"color: #000000; font-family: Futura PT Multilingual W02,Futura PT Multilingual W10,Helvetica,Arial,sans-serif !important;\">Kompania PISCINA &amp; WELLNESS u formua n\u00eb Veri t\u00eb Italis\u00eb, e cila u vendos n\u00eb rradh\u00ebn e kompanive m\u00eb prestigjoze n\u00eb Itali p\u00ebr cil\u00ebsin\u00eb dhe organizimin, ku mori dhe \u00e7mime n\u00eb cil\u00ebsi nga Entet Europiane, pas nj\u00eb eksperience t\u00eb gjat\u00eb punimesh n\u00eb Itali, Austri, Gjermani e Zvic\u00ebr.<\/span><\/p>\n<p><span style=\"color: #000000; font-family: Futura PT Multilingual W02,Futura PT Multilingual W10,Helvetica,Arial,sans-serif !important;\">Prej vitit 2010 Lamthi Group ka ekskluzivitetin e Piscinawellness p\u00ebr Ballkanin.<\/span><\/p>\n<p><span style=\"color: #000000; font-family: Futura PT Multilingual W02,Futura PT Multilingual W10,Helvetica,Arial,sans-serif !important;\">PISCINA &amp; WELLNESS \u00ebsht\u00eb e specilizuar n\u00eb sektorin e nd\u00ebrtimit dhe montimit p\u00ebr: Pishina, Sauna, Banjo Turke, Bio Sauna, Dhoma Kripe (Haloterapi) , Kalim Kneipp, Hidromasazh, Shat\u00ebrvane, etj.<\/span>[\/vc_column_text][vc_btn title=&#8221;Zbulo me shume&#8221; style=&#8221;outline-custom&#8221; outline_custom_color=&#8221;#5f6263&#8243; outline_custom_hover_background=&#8221;#5f6263&#8243; outline_custom_hover_text=&#8221;#ffffff&#8221; align=&#8221;left&#8221; link=&#8221;url:https%3A%2F%2Fpishinawellness.com%2Findex.php%2Frreth-nesh%2F%3Flang%3Dsq|title:Rreth%20Nesh||&#8221;][\/vc_column_inner][\/vc_row_inner]\t\t<\/div><\/div>[\/vc_column][\/vc_row][vc_row full_width=&#8221;stretch_row_content&#8221; bg_type=&#8221;image&#8221; bg_override=&#8221;ex-full&#8221; css=&#8221;.vc_custom_1605104194921{background-color: rgba(183,184,187,0.26) !important;*background-color: rgb(183,184,187) !important;}&#8221;][vc_column width=&#8221;1\/2&#8243; offset=&#8221;vc_hidden-lg&#8221;][vc_single_image image=&#8221;1924&#8243; img_size=&#8221;full&#8221;][\/vc_column][vc_column width=&#8221;1\/2&#8243; offset=&#8221;vc_hidden-lg&#8221;][vc_row_inner][vc_column_inner width=&#8221;1\/12&#8243;][\/vc_column_inner][vc_column_inner width=&#8221;3\/4&#8243;][vc_custom_heading text=&#8221;BENVENUTI IN PISCINA WELLNESS&#8221; font_container=&#8221;tag:h6|text_align:left|color:%235f6263&#8243; use_theme_fonts=&#8221;yes&#8221;][vc_separator color=&#8221;custom&#8221; align=&#8221;align_left&#8221; border_width=&#8221;2&#8243; el_width=&#8221;20&#8243; accent_color=&#8221;#5f6263&#8243;][\/vc_column_inner][\/vc_row_inner][vc_row_inner][vc_column_inner width=&#8221;1\/12&#8243;][\/vc_column_inner][vc_column_inner width=&#8221;3\/4&#8243;][vc_custom_heading text=&#8221;SPECIALIZZATI NELLA COSTRUZIONE E INSTALLAZIONE DI PISCINE, SAUNE, BAGNO TURCO, IDROMASSAGGIO, ECC.&#8221; font_container=&#8221;tag:h3|text_align:left|color:%235f6263&#8243; use_theme_fonts=&#8221;yes&#8221;][vc_column_text]<span style=\"color: #000000;\">La\u00a0societ\u00e0 (compagnia)\u00a0PISCINA &amp; WELLNESS \u00e8 stata fondata nel Nord Italia, classificata tra le aziende pi\u00f9 prestigiose in Italia per qualit\u00e0 e organizzazione, e ha ricevuto premi di qualit\u00e0 da entit\u00e0 europee, dopo una lunga esperienza lavorativa in Italia, Austria, Germania e Svizzera.<\/span><\/p>\n<p><span style=\"color: #000000;\">Dal 2010 Lamthi Group ha l\u2019esclusiva di PISCINA\u00a0<b>&amp;<\/b>\u00a0WELLNESS per i Balcani.<\/span><\/p>\n<p><span style=\"color: #000000;\">PISCINA &amp; WELLNESS \u00e8 specializzata nel settore della costruzione e assemblaggio di: Piscina, Sauna, Bagno turco, Bio Sauna, Stanza del Sale, Percorso Kneipp, Idromassaggio, Fontane, ecc.<\/span>[\/vc_column_text][vc_btn title=&#8221;Zbulo me shume&#8221; style=&#8221;outline-custom&#8221; outline_custom_color=&#8221;#5f6263&#8243; outline_custom_hover_background=&#8221;#5f6263&#8243; outline_custom_hover_text=&#8221;#ffffff&#8221; align=&#8221;left&#8221; link=&#8221;url:https%3A%2F%2Fpishinawellness.com%2Findex.php%2Frreth-nesh%2F%3Flang%3Dsq|title:Rreth%20Nesh||&#8221;][\/vc_column_inner][\/vc_row_inner][\/vc_column][\/vc_row][vc_row full_width=&#8221;stretch_row_content&#8221;][vc_column width=&#8221;1\/2&#8243; css=&#8221;.vc_custom_1605091383525{background-color: #ffffff !important;}&#8221;][vc_empty_space height=&#8221;80px&#8221;][vc_custom_heading text=&#8221;SHFLETONI PROJEKTET TONA TE FUNDIT&#8221; font_container=&#8221;tag:h3|text_align:center&#8221; use_theme_fonts=&#8221;yes&#8221;][vc_custom_heading text=&#8221;Zbuloni zgjidhjet tona t\u00eb b\u00ebra me porosi&#8221; font_container=&#8221;tag:h3|text_align:center&#8221; use_theme_fonts=&#8221;yes&#8221;][vc_column_text]<\/p>\n<p style=\"text-align: center; font-family: Futura PT Multilingual W02,Futura PT Multilingual W10,Helvetica,Arial,sans-serif !important;\">P\u00ebr sauna, hamame dhe Spa<\/p>\n<p>[\/vc_column_text][vc_btn title=&#8221;Zbulo me shume&#8221; style=&#8221;outline-custom&#8221; outline_custom_color=&#8221;#5f6263&#8243; outline_custom_hover_background=&#8221;#5f6263&#8243; outline_custom_hover_text=&#8221;#ffffff&#8221; align=&#8221;center&#8221; link=&#8221;url:https%3A%2F%2Fpishinawellness.com%2Findex.php%2Fpunimet-tona%2F%3Flang%3Dsq|title:Punimet%20Tona||&#8221;][\/vc_column][vc_column width=&#8221;1\/2&#8243; css=&#8221;.vc_custom_1606919449929{background-image: url(https:\/\/pishinawellness.com\/wp-content\/uploads\/2020\/12\/BioSauna-1-61da4c8a-1.jpg?id=124) !important;background-position: center !important;background-repeat: no-repeat !important;background-size: cover !important;}&#8221;][vc_empty_space height=&#8221;500px&#8221;][\/vc_column][\/vc_row][vc_row full_width=&#8221;stretch_row_content&#8221;][vc_column width=&#8221;1\/2&#8243; css=&#8221;.vc_custom_1606920160956{background-image: url(https:\/\/pishinawellness.com\/wp-content\/uploads\/2020\/12\/hamam-fjg-1.jpg?id=125) !important;background-position: center !important;background-repeat: no-repeat !important;background-size: cover !important;}&#8221;][vc_empty_space height=&#8221;500px&#8221;][\/vc_column][vc_column width=&#8221;1\/2&#8243; css=&#8221;.vc_custom_1605104323811{background-color: rgba(183,184,187,0.2) !important;*background-color: rgb(183,184,187) !important;}&#8221;][vc_empty_space height=&#8221;80px&#8221;][vc_empty_space height=&#8221;45px&#8221;][vc_custom_heading text=&#8221;SHFLETONI PRODUKTET TONA&#8221; font_container=&#8221;tag:h3|font_size:18|text_align:center|color:%235f6263&#8243; use_theme_fonts=&#8221;yes&#8221;][vc_custom_heading text=&#8221;Zbuloni zgjidhjet tona t\u00eb b\u00ebra me porosi&#8221; font_container=&#8221;tag:h3|font_size:18|text_align:center|color:%235f6263&#8243; use_theme_fonts=&#8221;yes&#8221;][vc_column_text]<\/p>\n<p style=\"text-align: center; font-family: Futura PT Multilingual W02,Futura PT Multilingual W10,Helvetica,Arial,sans-serif !important;\">P\u00ebr Pishin\u00eb, Spa, Hamam, Sauna Bio, Sauna Infra t\u00eb Kuqe, Dush Skocez &#8230;<\/p>\n<p>[\/vc_column_text][vc_btn title=&#8221;Zbulo me shume&#8221; style=&#8221;outline-custom&#8221; outline_custom_color=&#8221;#5f6263&#8243; outline_custom_hover_background=&#8221;#5f6263&#8243; outline_custom_hover_text=&#8221;#ffffff&#8221; align=&#8221;center&#8221; link=&#8221;url:https%3A%2F%2Fpishinawellness.com%2Findex.php%2Fprodukte%2F%3Flang%3Dsq|title:Produkte||&#8221;][vc_empty_space height=&#8221;85px&#8221;][vc_empty_space height=&#8221;70px&#8221;][\/vc_column][\/vc_row][vc_row full_width=&#8221;stretch_row_content&#8221;][vc_column width=&#8221;1\/2&#8243; css=&#8221;.vc_custom_1605091383525{background-color: #ffffff !important;}&#8221;][vc_empty_space height=&#8221;80px&#8221;][vc_custom_heading text=&#8221;KLIKONI TE SHIKONI DISA NGA EVENTET TONA&#8221; font_container=&#8221;tag:h3|font_size:18|text_align:center|color:%235f6263&#8243; use_theme_fonts=&#8221;yes&#8221;][vc_empty_space height=&#8221;20px&#8221;][vc_btn title=&#8221;Zbulo me shume&#8221; style=&#8221;outline-custom&#8221; outline_custom_color=&#8221;#5f6263&#8243; outline_custom_hover_background=&#8221;#5f6263&#8243; outline_custom_hover_text=&#8221;#ffffff&#8221; align=&#8221;center&#8221; link=&#8221;url:https%3A%2F%2Fpishinawellness.com%2Findex.php%2Fte-rejat%2F%3Flang%3Dsq|title:Te%20Rejat||&#8221;][\/vc_column][vc_column width=&#8221;1\/2&#8243; css=&#8221;.vc_custom_1611679740363{background-image: url(https:\/\/pishinawellness.com\/wp-content\/uploads\/2021\/01\/EVENTI-HOME-PAGE1.jpg?id=1932) !important;background-position: center !important;background-repeat: no-repeat !important;background-size: cover !important;}&#8221;][vc_empty_space height=&#8221;500px&#8221;][\/vc_column][\/vc_row][vc_row bg_type=&#8221;image&#8221; parallax_style=&#8221;vcpb-default&#8221; bg_image_new=&#8221;id^120|url^https:\/\/pishinawellness.com\/wp-content\/uploads\/2020\/12\/slider-spa-hammam.jpg|caption^null|alt^null|title^slider-spa-hammam|description^null&#8221; bg_img_attach=&#8221;fixed&#8221; bg_override=&#8221;ex-full&#8221; enable_overlay=&#8221;enable_overlay_value&#8221; overlay_color=&#8221;#5f6263&#8243; overlay_pattern_opacity=&#8221;0.3&#8243;][vc_column css=&#8221;.vc_custom_1604485600429{padding-top: 200px !important;padding-bottom: 200px !important;}&#8221;][vc_custom_heading text=&#8221;PISCINA &amp; WELLNESS SINCE 1977&#8243; font_container=&#8221;tag:h2|font_size:30|text_align:center|color:%23ffffff&#8221; use_theme_fonts=&#8221;yes&#8221;][vc_custom_heading text=&#8221;Fuqia e kompanis\u00eb PISCINA WELLNESS q\u00ebndron n\u00eb kompetenc\u00ebn, \u00e7mimet dhe cil\u00ebsin\u00eb e saj&#8221; font_container=&#8221;tag:h4|text_align:center|color:%23ffffff&#8221; use_theme_fonts=&#8221;yes&#8221;][\/vc_column][\/vc_row]<\/p>\n<\/div>","protected":false},"excerpt":{"rendered":"<p>[vc_row full_width=&#8221;stretch_row_content&#8221; bg_type=&#8221;image&#8221; bg_override=&#8221;ex-full&#8221; css=&#8221;.vc_custom_1605104304846{background-color: rgba(183,184,187,0.2) !important;*background-color: rgb(183,184,187) !important;}&#8221;][vc_column width=&#8221;1\/2&#8243; offset=&#8221;vc_hidden-md vc_hidden-sm vc_hidden-xs&#8221;][vc_single_image image=&#8221;1924&#8243; img_size=&#8221;full&#8221; css=&#8221;.vc_custom_1611325351227{margin-left: -15px !important;}&#8221;][\/vc_column][vc_column width=&#8221;1\/2&#8243; offset=&#8221;vc_hidden-md vc_hidden-sm vc_hidden-xs&#8221;][\/vc_column][\/vc_row][vc_row full_width=&#8221;stretch_row_content&#8221; bg_type=&#8221;image&#8221; bg_override=&#8221;ex-full&#8221; css=&#8221;.vc_custom_1605104194921{background-color: rgba(183,184,187,0.26) !important;*background-color: rgb(183,184,187) !important;}&#8221;][vc_column width=&#8221;1\/2&#8243; offset=&#8221;vc_hidden-lg&#8221;][vc_single_image image=&#8221;1924&#8243; img_size=&#8221;full&#8221;][\/vc_column][vc_column width=&#8221;1\/2&#8243; offset=&#8221;vc_hidden-lg&#8221;][vc_row_inner][vc_column_inner width=&#8221;1\/12&#8243;][\/vc_column_inner][vc_column_inner width=&#8221;3\/4&#8243;][vc_custom_heading text=&#8221;BENVENUTI IN PISCINA WELLNESS&#8221; font_container=&#8221;tag:h6|text_align:left|color:%235f6263&#8243; use_theme_fonts=&#8221;yes&#8221;][vc_separator color=&#8221;custom&#8221; align=&#8221;align_left&#8221; border_width=&#8221;2&#8243; el_width=&#8221;20&#8243; accent_color=&#8221;#5f6263&#8243;][\/vc_column_inner][\/vc_row_inner][vc_row_inner][vc_column_inner width=&#8221;1\/12&#8243;][\/vc_column_inner][vc_column_inner width=&#8221;3\/4&#8243;][vc_custom_heading text=&#8221;SPECIALIZZATI NELLA COSTRUZIONE E&hellip;<\/p>\n","protected":false},"author":1,"featured_media":0,"parent":0,"menu_order":0,"comment_status":"closed","ping_status":"closed","template":"","meta":{"footnotes":""},"class_list":["post-600","page","type-page","status-publish","hentry","description-off"],"_links":{"self":[{"href":"https:\/\/pishinawellness.com\/index.php\/wp-json\/wp\/v2\/pages\/600","targetHints":{"allow":["GET"]}}],"collection":[{"href":"https:\/\/pishinawellness.com\/index.php\/wp-json\/wp\/v2\/pages"}],"about":[{"href":"https:\/\/pishinawellness.com\/index.php\/wp-json\/wp\/v2\/types\/page"}],"author":[{"embeddable":true,"href":"https:\/\/pishinawellness.com\/index.php\/wp-json\/wp\/v2\/users\/1"}],"replies":[{"embeddable":true,"href":"https:\/\/pishinawellness.com\/index.php\/wp-json\/wp\/v2\/comments?post=600"}],"version-history":[{"count":16,"href":"https:\/\/pishinawellness.com\/index.php\/wp-json\/wp\/v2\/pages\/600\/revisions"}],"predecessor-version":[{"id":2129,"href":"https:\/\/pishinawellness.com\/index.php\/wp-json\/wp\/v2\/pages\/600\/revisions\/2129"}],"wp:attachment":[{"href":"https:\/\/pishinawellness.com\/index.php\/wp-json\/wp\/v2\/media?parent=600"}],"curies":[{"name":"wp","href":"https:\/\/api.w.org\/{rel}","templated":true}]}}