{"id":271,"date":"2020-12-23T15:05:51","date_gmt":"2020-12-23T15:05:51","guid":{"rendered":"https:\/\/new.piscinawellness.it\/?page_id=271"},"modified":"2021-01-08T09:40:33","modified_gmt":"2021-01-08T09:40:33","slug":"percorso-kneipp","status":"publish","type":"page","link":"https:\/\/pishinawellness.com\/index.php\/percorso-kneipp\/?lang=it","title":{"rendered":"Percorso Kneipp"},"content":{"rendered":"<div class=\"wpb-content-wrapper\"><p>[vc_row full_width=&#8221;stretch_row_content&#8221; bg_type=&#8221;bg_color&#8221; bg_override=&#8221;ex-full&#8221; bg_color_value=&#8221;rgba(183,184,187,0.2)&#8221; css=&#8221;.vc_custom_1605109971927{padding-top: 30px !important;padding-bottom: 30px !important;}&#8221;][vc_column width=&#8221;1\/2&#8243;][vc_single_image image=&#8221;273&#8243; img_size=&#8221;1024&#215;450&#8243; alignment=&#8221;center&#8221;][\/vc_column][vc_column width=&#8221;1\/2&#8243;]<div class=\"ult-content-box-container box_class\" >\t\t<div class=\"ult-content-box\" style=\"box-shadow: px px px px none;-webkit-transition: all 700ms ease;-moz-transition: all 700ms ease;-ms-transition: all 700ms ease;-o-transition: all 700ms ease;transition: all 700ms ease;\"  data-hover_box_shadow=\"none\"    >[vc_row_inner][vc_column_inner width=&#8221;1\/12&#8243;][\/vc_column_inner][vc_column_inner width=&#8221;3\/4&#8243;][vc_empty_space height=&#8221;15px&#8221;][vc_column_text]<\/p>\n<p style=\"text-align: justify;\">Il percorso Kneipp \u00e8 uno dei trattamenti SPA pi\u00f9 popolari nei centri benessere. Il trattamento Kneipp, al giorno d\u2019oggi, si basa sull\u2019idroterapia, che utilizza il potere curativo dell\u2019acqua per dare una buona salute al nostro corpo. Di solito, alterna i bagni corti con acqua calda e fredda. Il tipo pi\u00f9 comune di terapia Kneipp consiste nel camminare attraverso i sentieri di pietra del fiume, alternando acqua calda e fredda. Dipendendo dell\u2019itinerario fornito dalla Spa o dalle strutture termali, l\u2019acqua pu\u00f2 raggiungere i piedi o le ginocchia.<\/p>\n<p style=\"text-align: justify;\">Il passaggio Kneipp nella sua interezza non \u00e8 limitato da una semplice passeggiata tra l\u2019acqua e il sasso ma consiste in un vero trattamento di idroterapia in cui l\u2019alternanza di acqua calda e fredda viene studiata perfettamente secondo principi curativi ben definiti. Di solito, inizia con acqua calda per continuare con una differenza tra le temperature medie e finire con acqua fredda.<\/p>\n<p>[\/vc_column_text][\/vc_column_inner][\/vc_row_inner]\t\t<\/div><\/div>[\/vc_column][\/vc_row][vc_row full_width=&#8221;stretch_row_content&#8221; bg_type=&#8221;bg_color&#8221; bg_override=&#8221;ex-full&#8221; bg_color_value=&#8221;rgba(183,184,187,0.2)&#8221; css=&#8221;.vc_custom_1605109971927{padding-top: 30px !important;padding-bottom: 30px !important;}&#8221;][vc_column width=&#8221;1\/2&#8243;]<div class=\"ult-content-box-container box_class\" >\t\t<div class=\"ult-content-box\" style=\"box-shadow: px px px px none;-webkit-transition: all 700ms ease;-moz-transition: all 700ms ease;-ms-transition: all 700ms ease;-o-transition: all 700ms ease;transition: all 700ms ease;\"  data-hover_box_shadow=\"none\"    >[vc_row_inner][vc_column_inner width=&#8221;1\/12&#8243;][\/vc_column_inner][vc_column_inner width=&#8221;3\/4&#8243;][vc_column_text]<\/p>\n<p style=\"text-align: justify;\"><strong>Benefici e vantaggi del trattamento Kneipp:<\/strong><\/p>\n<ul>\n<li style=\"text-align: justify;\">Lo shock termico, causato dall\u2019immersione a temperature diverse, stimola il sistema circolatorio e il sistema immunitario. Immergersi nell\u2019acqua calda crea un senso di rilassamento. Il contatto con l\u2019acqua fredda stimola e rinforza il corpo.<\/li>\n<li style=\"text-align: justify;\">La camminata sui ciottoli e il salto termico hanno un\u2019azione tonica sulle pareti dei capillari. Inoltre, il massaggio ad acqua garantito \u2013 noto anche come idromassaggio \u2013 ha propriet\u00e0 drenanti e quindi ha un effetto benefico sul corpo in caso di ritenzione idrica. Il percorso Kneipp \u00e8 particolarmente indicato per coloro che soffrono di disturbi circolatori. A seconda dello scenario in cui il percorso \u00e8 pavimentato, il trattamento pu\u00f2 anche agire positivamente sulle emozioni, dando un senso di profonda tranquillit\u00e0 e benessere interiore.<\/li>\n<\/ul>\n<p>[\/vc_column_text][\/vc_column_inner][\/vc_row_inner]\t\t<\/div><\/div>[\/vc_column][vc_column width=&#8221;1\/2&#8243;][vc_single_image image=&#8221;276&#8243; img_size=&#8221;1024&#215;450&#8243; alignment=&#8221;center&#8221;][\/vc_column][\/vc_row][vc_row full_width=&#8221;stretch_row_content&#8221;][vc_column css=&#8221;.vc_custom_1604485950044{padding-top: 70px !important;padding-bottom: 70px !important;}&#8221;][vc_custom_heading text=&#8221;REALIZZARE IL PERCORSO KNEIPP IN HOTEL E RESORT<br \/>\nAGGIUNGE VALORE AL TUO AMBIENTE&#8221; font_container=&#8221;tag:h3|text_align:center|color:%235f6263&#8243; use_theme_fonts=&#8221;yes&#8221;][vc_separator color=&#8221;custom&#8221; el_width=&#8221;20&#8243; accent_color=&#8221;#5f6263&#8243;]<div id=\"ult-carousel-18166431469e2f8bee363e\" class=\"ult-carousel-wrapper   ult_horizontal\" data-gutter=\"15\" data-rtl=\"false\" ><div class=\"ult-carousel-149820163569e2f8bee355f \" >[vc_single_image image=&#8221;272&#8243; img_size=&#8221;full&#8221;][vc_single_image image=&#8221;274&#8243; img_size=&#8221;full&#8221;][vc_single_image image=&#8221;275&#8243; img_size=&#8221;full&#8221;][vc_single_image image=&#8221;277&#8243; img_size=&#8221;full&#8221;][vc_single_image image=&#8221;198&#8243; img_size=&#8221;full&#8221;][vc_single_image image=&#8221;199&#8243; img_size=&#8221;full&#8221;][vc_single_image image=&#8221;200&#8243; img_size=&#8221;full&#8221;][vc_single_image image=&#8221;201&#8243; img_size=&#8221;full&#8221;]<\/div><\/div>\t\t\t<script type=\"text\/javascript\">\n\t\t\t\tjQuery(document).ready(function ($) {\n\t\t\t\t\tif( typeof jQuery('.ult-carousel-149820163569e2f8bee355f').slick == \"function\"){\n\t\t\t\t\t\t$('.ult-carousel-149820163569e2f8bee355f').slick({dots: true,autoplay: true,autoplaySpeed: \"5000\",speed: \"300\",infinite: true,arrows: false,slidesToScroll:3,slidesToShow:3,swipe: true,draggable: true,touchMove: true,pauseOnHover: true,pauseOnFocus: false,responsive: [\n\t\t\t\t\t\t\t{\n\t\t\t\t\t\t\t  breakpoint: 1026,\n\t\t\t\t\t\t\t  settings: {\n\t\t\t\t\t\t\t\tslidesToShow: 3,\n\t\t\t\t\t\t\t\tslidesToScroll: 3,  \n\t\t\t\t\t\t\t  }\n\t\t\t\t\t\t\t},\n\t\t\t\t\t\t\t{\n\t\t\t\t\t\t\t  breakpoint: 1025,\n\t\t\t\t\t\t\t  settings: {\n\t\t\t\t\t\t\t\tslidesToShow: 2,\n\t\t\t\t\t\t\t\tslidesToScroll: 2\n\t\t\t\t\t\t\t  }\n\t\t\t\t\t\t\t},\n\t\t\t\t\t\t\t{\n\t\t\t\t\t\t\t  breakpoint: 760,\n\t\t\t\t\t\t\t  settings: {\n\t\t\t\t\t\t\t\tslidesToShow: 1,\n\t\t\t\t\t\t\t\tslidesToScroll: 1\n\t\t\t\t\t\t\t  }\n\t\t\t\t\t\t\t}\n\t\t\t\t\t\t],pauseOnDotsHover: true,customPaging: function(slider, i) {\n                   return '<i type=\"button\" style= \"color:#5f6263;\" class=\"ultsl-radio-checked\" data-role=\"none\"><\/i>';\n                },});\n\t\t\t\t\t}\n\t\t\t\t});\n\t\t\t<\/script>\n\t\t\t[\/vc_column][\/vc_row]<\/p>\n<\/div>","protected":false},"excerpt":{"rendered":"<p>[vc_row full_width=&#8221;stretch_row_content&#8221; bg_type=&#8221;bg_color&#8221; bg_override=&#8221;ex-full&#8221; bg_color_value=&#8221;rgba(183,184,187,0.2)&#8221; css=&#8221;.vc_custom_1605109971927{padding-top: 30px !important;padding-bottom: 30px !important;}&#8221;][vc_column width=&#8221;1\/2&#8243;][vc_single_image image=&#8221;273&#8243; img_size=&#8221;1024&#215;450&#8243; alignment=&#8221;center&#8221;][\/vc_column][vc_column width=&#8221;1\/2&#8243;][\/vc_column][\/vc_row][vc_row full_width=&#8221;stretch_row_content&#8221; bg_type=&#8221;bg_color&#8221; bg_override=&#8221;ex-full&#8221; bg_color_value=&#8221;rgba(183,184,187,0.2)&#8221; css=&#8221;.vc_custom_1605109971927{padding-top: 30px !important;padding-bottom: 30px !important;}&#8221;][vc_column width=&#8221;1\/2&#8243;][\/vc_column][vc_column width=&#8221;1\/2&#8243;][vc_single_image image=&#8221;276&#8243; img_size=&#8221;1024&#215;450&#8243; alignment=&#8221;center&#8221;][\/vc_column][\/vc_row][vc_row full_width=&#8221;stretch_row_content&#8221;][vc_column css=&#8221;.vc_custom_1604485950044{padding-top: 70px !important;padding-bottom: 70px !important;}&#8221;][vc_custom_heading text=&#8221;REALIZZARE IL PERCORSO KNEIPP IN HOTEL E RESORT AGGIUNGE VALORE AL TUO AMBIENTE&#8221; font_container=&#8221;tag:h3|text_align:center|color:%235f6263&#8243; use_theme_fonts=&#8221;yes&#8221;][vc_separator color=&#8221;custom&#8221; el_width=&#8221;20&#8243; accent_color=&#8221;#5f6263&#8243;][\/vc_column][\/vc_row]<\/p>\n","protected":false},"author":1,"featured_media":0,"parent":0,"menu_order":0,"comment_status":"closed","ping_status":"closed","template":"","meta":{"footnotes":""},"class_list":["post-271","page","type-page","status-publish","hentry","description-off"],"_links":{"self":[{"href":"https:\/\/pishinawellness.com\/index.php\/wp-json\/wp\/v2\/pages\/271","targetHints":{"allow":["GET"]}}],"collection":[{"href":"https:\/\/pishinawellness.com\/index.php\/wp-json\/wp\/v2\/pages"}],"about":[{"href":"https:\/\/pishinawellness.com\/index.php\/wp-json\/wp\/v2\/types\/page"}],"author":[{"embeddable":true,"href":"https:\/\/pishinawellness.com\/index.php\/wp-json\/wp\/v2\/users\/1"}],"replies":[{"embeddable":true,"href":"https:\/\/pishinawellness.com\/index.php\/wp-json\/wp\/v2\/comments?post=271"}],"version-history":[{"count":4,"href":"https:\/\/pishinawellness.com\/index.php\/wp-json\/wp\/v2\/pages\/271\/revisions"}],"predecessor-version":[{"id":915,"href":"https:\/\/pishinawellness.com\/index.php\/wp-json\/wp\/v2\/pages\/271\/revisions\/915"}],"wp:attachment":[{"href":"https:\/\/pishinawellness.com\/index.php\/wp-json\/wp\/v2\/media?parent=271"}],"curies":[{"name":"wp","href":"https:\/\/api.w.org\/{rel}","templated":true}]}}