{"id":229,"date":"2020-12-23T14:11:59","date_gmt":"2020-12-23T14:11:59","guid":{"rendered":"https:\/\/new.piscinawellness.it\/?page_id=229"},"modified":"2021-01-08T10:49:52","modified_gmt":"2021-01-08T10:49:52","slug":"bio-sauna","status":"publish","type":"page","link":"https:\/\/pishinawellness.com\/index.php\/bio-sauna\/?lang=it","title":{"rendered":"Bio Sauna"},"content":{"rendered":"<div class=\"wpb-content-wrapper\"><p>[vc_row full_width=&#8221;stretch_row_content&#8221; bg_type=&#8221;bg_color&#8221; bg_override=&#8221;ex-full&#8221; bg_color_value=&#8221;rgba(183,184,187,0.2)&#8221; css=&#8221;.vc_custom_1605109971927{padding-top: 30px !important;padding-bottom: 30px !important;}&#8221;][vc_column width=&#8221;1\/2&#8243;][vc_single_image image=&#8221;232&#8243; img_size=&#8221;1024&#215;450&#8243; alignment=&#8221;center&#8221;][\/vc_column][vc_column width=&#8221;1\/2&#8243;]<div class=\"ult-content-box-container box_class\" >\t\t<div class=\"ult-content-box\" style=\"box-shadow: px px px px none;-webkit-transition: all 700ms ease;-moz-transition: all 700ms ease;-ms-transition: all 700ms ease;-o-transition: all 700ms ease;transition: all 700ms ease;\"  data-hover_box_shadow=\"none\"    >[vc_row_inner][vc_column_inner width=&#8221;1\/12&#8243;][\/vc_column_inner][vc_column_inner width=&#8221;3\/4&#8243;][vc_empty_space height=&#8221;40px&#8221;][vc_column_text]<\/p>\n<p style=\"text-align: justify; font-family: Futura PT Multilingual W02,Futura PT Multilingual W10,Helvetica,Arial,sans-serif !important;\">La bio sauna \u00e8 l\u2019alternativa moderna alla sauna finlandese tradizionale e consente di poter usare la sauna a tutti coloro che soffrono alle alte temperature.<\/p>\n<p style=\"text-align: justify; font-family: Futura PT Multilingual W02,Futura PT Multilingual W10,Helvetica,Arial,sans-serif !important;\">La bio sauna \u00e8 una sauna con un\u2019atmosfera umida, con una temperatura massima di circa 50\/60 \u00b0 C e un\u2019umidit\u00e0 del 60\/70%. Per raggiungere questo particolare ambiente, \u00e8 necessario installare nella sauna un BIO-HEATER, che \u00e8 una stufa tradizionale per sauna con elementi riscaldanti dalle rocce in cui \u00e8 presente un generatore di vapore (un serbatoio dell\u2019acqua con un elemento riscaldante)<\/p>\n<p style=\"text-align: justify; font-family: Futura PT Multilingual W02,Futura PT Multilingual W10,Helvetica,Arial,sans-serif !important;\">Una bio-sauna ha una triplice importanza. Pu\u00f2 creare un equilibrio tra la temperatura e il contenuto di umidit\u00e0 dell\u2019ambiente, ma pu\u00f2 anche essere solo una sauna (con una temperatura massima di 110 \u00b0 C) o pu\u00f2 essere trasformata in un ambiente ad alta umidit\u00e0 ma mai comparabile al bagno turco. Dall\u2019unit\u00e0 di controllo \u00e8 possibile alzare la temperatura (80\/90 \u00b0 C) e ridurre il contenuto di umidit\u00e0 per ottenere una sauna tradizionale. Al contrario, \u00e8 possibile ottenere un ambiente molto umido.<\/p>\n<p>[\/vc_column_text][\/vc_column_inner][\/vc_row_inner]\t\t<\/div><\/div>[\/vc_column][\/vc_row][vc_row full_width=&#8221;stretch_row_content&#8221; bg_type=&#8221;bg_color&#8221; bg_override=&#8221;ex-full&#8221; bg_color_value=&#8221;rgba(183,184,187,0.2)&#8221; css=&#8221;.vc_custom_1605109971927{padding-top: 30px !important;padding-bottom: 30px !important;}&#8221;][vc_column width=&#8221;1\/2&#8243;]<div class=\"ult-content-box-container box_class\" >\t\t<div class=\"ult-content-box\" style=\"box-shadow: px px px px none;-webkit-transition: all 700ms ease;-moz-transition: all 700ms ease;-ms-transition: all 700ms ease;-o-transition: all 700ms ease;transition: all 700ms ease;\"  data-hover_box_shadow=\"none\"    >[vc_row_inner][vc_column_inner width=&#8221;1\/12&#8243;][\/vc_column_inner][vc_column_inner width=&#8221;3\/4&#8243;][vc_column_text]<\/p>\n<p style=\"text-align: justify; font-family: Futura PT Multilingual W02,Futura PT Multilingual W10,Helvetica,Arial,sans-serif !important;\"><strong>A cosa serve la Biosauna?<\/strong><\/p>\n<ul>\n<li style=\"text-align: justify; font-family: Futura PT Multilingual W02,Futura PT Multilingual W10,Helvetica,Arial,sans-serif !important;\">\u00c8 un fatto certo che la bio-sauna, chiamata anche sanatorio, porta benefici all\u2019apparato cardiovascolare.<\/li>\n<li style=\"text-align: justify; font-family: Futura PT Multilingual W02,Futura PT Multilingual W10,Helvetica,Arial,sans-serif !important;\">La bio sauna \u00e8 stata utilizzata come strumento di bellezza. Il suo bagno caldo con una temperatura soft permette alla nostra pelle di respirare, eliminando le tossine, le impurit\u00e0 e le cellule morte della pelle attraverso il sudore, rendendola morbida, liscia e luminosa. Per di pi\u00f9, la biosauna ha ulteriori benefici sul nostro metabolismo: l\u2019aumento del battito cardiaco aiuta a bruciare i grassi ed eliminare i fluidi. Ricorda: la bio sauna \u00e8 un buon alleato nel disintossicare il corpo, ma non un strumento per perdere peso.<\/li>\n<li style=\"text-align: justify; font-family: Futura PT Multilingual W02,Futura PT Multilingual W10,Helvetica,Arial,sans-serif !important;\">Spesso la bio-sauna \u00e8 raccomandata come una riabilitazione per le persone che hanno subito un infarto. I muscoli del cuore sono rinforzati con 120 battiti al minuto che il cuore pu\u00f2 raggiungere all\u2019interno del sanatorio.<\/li>\n<\/ul>\n<p>[\/vc_column_text][\/vc_column_inner][\/vc_row_inner]\t\t<\/div><\/div>[\/vc_column][vc_column width=&#8221;1\/2&#8243;][vc_single_image image=&#8221;233&#8243; img_size=&#8221;1024&#215;450&#8243; alignment=&#8221;center&#8221;][\/vc_column][\/vc_row][vc_row full_width=&#8221;stretch_row_content&#8221;][vc_column css=&#8221;.vc_custom_1604485950044{padding-top: 70px !important;padding-bottom: 70px !important;}&#8221;][vc_custom_heading text=&#8221;REALIZZARE UNA BIO SAUNA IN HOTEL E RESORT AGGIUNGE VALORE AL TUO AMBIENTE.&#8221; font_container=&#8221;tag:h3|text_align:center|color:%235f6263&#8243; use_theme_fonts=&#8221;yes&#8221;][vc_separator color=&#8221;custom&#8221; el_width=&#8221;20&#8243; accent_color=&#8221;#5f6263&#8243;]<div id=\"ult-carousel-70693894469df2f95412a7\" class=\"ult-carousel-wrapper   ult_horizontal\" data-gutter=\"15\" data-rtl=\"false\" ><div class=\"ult-carousel-113731056069df2f95411db \" >[vc_single_image image=&#8221;237&#8243; img_size=&#8221;full&#8221;][vc_single_image image=&#8221;235&#8243; img_size=&#8221;full&#8221;][vc_single_image image=&#8221;234&#8243; img_size=&#8221;full&#8221;][vc_single_image image=&#8221;238&#8243; img_size=&#8221;full&#8221;][vc_single_image image=&#8221;198&#8243; img_size=&#8221;full&#8221;][vc_single_image image=&#8221;199&#8243; img_size=&#8221;full&#8221;][vc_single_image image=&#8221;200&#8243; img_size=&#8221;full&#8221;][vc_single_image image=&#8221;201&#8243; img_size=&#8221;full&#8221;]<\/div><\/div>\t\t\t<script type=\"text\/javascript\">\n\t\t\t\tjQuery(document).ready(function ($) {\n\t\t\t\t\tif( typeof jQuery('.ult-carousel-113731056069df2f95411db').slick == \"function\"){\n\t\t\t\t\t\t$('.ult-carousel-113731056069df2f95411db').slick({dots: true,autoplay: true,autoplaySpeed: \"5000\",speed: \"300\",infinite: true,arrows: false,slidesToScroll:3,slidesToShow:3,swipe: true,draggable: true,touchMove: true,pauseOnHover: true,pauseOnFocus: false,responsive: [\n\t\t\t\t\t\t\t{\n\t\t\t\t\t\t\t  breakpoint: 1026,\n\t\t\t\t\t\t\t  settings: {\n\t\t\t\t\t\t\t\tslidesToShow: 3,\n\t\t\t\t\t\t\t\tslidesToScroll: 3,  \n\t\t\t\t\t\t\t  }\n\t\t\t\t\t\t\t},\n\t\t\t\t\t\t\t{\n\t\t\t\t\t\t\t  breakpoint: 1025,\n\t\t\t\t\t\t\t  settings: {\n\t\t\t\t\t\t\t\tslidesToShow: 2,\n\t\t\t\t\t\t\t\tslidesToScroll: 2\n\t\t\t\t\t\t\t  }\n\t\t\t\t\t\t\t},\n\t\t\t\t\t\t\t{\n\t\t\t\t\t\t\t  breakpoint: 760,\n\t\t\t\t\t\t\t  settings: {\n\t\t\t\t\t\t\t\tslidesToShow: 1,\n\t\t\t\t\t\t\t\tslidesToScroll: 1\n\t\t\t\t\t\t\t  }\n\t\t\t\t\t\t\t}\n\t\t\t\t\t\t],pauseOnDotsHover: true,customPaging: function(slider, i) {\n                   return '<i type=\"button\" style= \"color:#5f6263;\" class=\"ultsl-radio-checked\" data-role=\"none\"><\/i>';\n                },});\n\t\t\t\t\t}\n\t\t\t\t});\n\t\t\t<\/script>\n\t\t\t[\/vc_column][\/vc_row]<\/p>\n<\/div>","protected":false},"excerpt":{"rendered":"<p>[vc_row full_width=&#8221;stretch_row_content&#8221; bg_type=&#8221;bg_color&#8221; bg_override=&#8221;ex-full&#8221; bg_color_value=&#8221;rgba(183,184,187,0.2)&#8221; css=&#8221;.vc_custom_1605109971927{padding-top: 30px !important;padding-bottom: 30px !important;}&#8221;][vc_column width=&#8221;1\/2&#8243;][vc_single_image image=&#8221;232&#8243; img_size=&#8221;1024&#215;450&#8243; alignment=&#8221;center&#8221;][\/vc_column][vc_column width=&#8221;1\/2&#8243;][\/vc_column][\/vc_row][vc_row full_width=&#8221;stretch_row_content&#8221; bg_type=&#8221;bg_color&#8221; bg_override=&#8221;ex-full&#8221; bg_color_value=&#8221;rgba(183,184,187,0.2)&#8221; css=&#8221;.vc_custom_1605109971927{padding-top: 30px !important;padding-bottom: 30px !important;}&#8221;][vc_column width=&#8221;1\/2&#8243;][\/vc_column][vc_column width=&#8221;1\/2&#8243;][vc_single_image image=&#8221;233&#8243; img_size=&#8221;1024&#215;450&#8243; alignment=&#8221;center&#8221;][\/vc_column][\/vc_row][vc_row full_width=&#8221;stretch_row_content&#8221;][vc_column css=&#8221;.vc_custom_1604485950044{padding-top: 70px !important;padding-bottom: 70px !important;}&#8221;][vc_custom_heading text=&#8221;REALIZZARE UNA BIO SAUNA IN HOTEL E RESORT AGGIUNGE VALORE AL TUO AMBIENTE.&#8221; font_container=&#8221;tag:h3|text_align:center|color:%235f6263&#8243; use_theme_fonts=&#8221;yes&#8221;][vc_separator color=&#8221;custom&#8221; el_width=&#8221;20&#8243; accent_color=&#8221;#5f6263&#8243;][\/vc_column][\/vc_row]<\/p>\n","protected":false},"author":1,"featured_media":0,"parent":0,"menu_order":0,"comment_status":"closed","ping_status":"closed","template":"","meta":{"footnotes":""},"class_list":["post-229","page","type-page","status-publish","hentry","description-off"],"_links":{"self":[{"href":"https:\/\/pishinawellness.com\/index.php\/wp-json\/wp\/v2\/pages\/229","targetHints":{"allow":["GET"]}}],"collection":[{"href":"https:\/\/pishinawellness.com\/index.php\/wp-json\/wp\/v2\/pages"}],"about":[{"href":"https:\/\/pishinawellness.com\/index.php\/wp-json\/wp\/v2\/types\/page"}],"author":[{"embeddable":true,"href":"https:\/\/pishinawellness.com\/index.php\/wp-json\/wp\/v2\/users\/1"}],"replies":[{"embeddable":true,"href":"https:\/\/pishinawellness.com\/index.php\/wp-json\/wp\/v2\/comments?post=229"}],"version-history":[{"count":7,"href":"https:\/\/pishinawellness.com\/index.php\/wp-json\/wp\/v2\/pages\/229\/revisions"}],"predecessor-version":[{"id":961,"href":"https:\/\/pishinawellness.com\/index.php\/wp-json\/wp\/v2\/pages\/229\/revisions\/961"}],"wp:attachment":[{"href":"https:\/\/pishinawellness.com\/index.php\/wp-json\/wp\/v2\/media?parent=229"}],"curies":[{"name":"wp","href":"https:\/\/api.w.org\/{rel}","templated":true}]}}