{"id":167,"date":"2020-12-22T13:23:44","date_gmt":"2020-12-22T13:23:44","guid":{"rendered":"https:\/\/new.piscinawellness.it\/?page_id=167"},"modified":"2021-01-19T13:34:37","modified_gmt":"2021-01-19T13:34:37","slug":"chi-siamo","status":"publish","type":"page","link":"https:\/\/pishinawellness.com\/index.php\/chi-siamo\/?lang=it","title":{"rendered":"Chi siamo"},"content":{"rendered":"<div class=\"wpb-content-wrapper\"><p>[vc_row full_width=&#8221;stretch_row_content&#8221; bg_type=&#8221;image&#8221; bg_override=&#8221;ex-full&#8221; css=&#8221;.vc_custom_1608643071877{background-color: rgba(183,184,187,0.2) !important;*background-color: rgb(183,184,187) !important;}&#8221;][vc_column width=&#8221;1\/2&#8243; offset=&#8221;vc_hidden-md vc_hidden-sm vc_hidden-xs&#8221;][vc_single_image image=&#8221;1905&#8243; img_size=&#8221;1024X450&#8243;][\/vc_column][vc_column width=&#8221;1\/2&#8243; offset=&#8221;vc_hidden-md vc_hidden-sm vc_hidden-xs&#8221;]<div class=\"ult-content-box-container box_class\" >\t\t<div class=\"ult-content-box\" style=\"box-shadow: px px px px none;-webkit-transition: all 700ms ease;-moz-transition: all 700ms ease;-ms-transition: all 700ms ease;-o-transition: all 700ms ease;transition: all 700ms ease;\"  data-hover_box_shadow=\"none\"    >[vc_row_inner][vc_column_inner width=&#8221;1\/12&#8243;][\/vc_column_inner][vc_column_inner width=&#8221;3\/4&#8243;][vc_custom_heading text=&#8221;CHI SIAMO&#8221; font_container=&#8221;tag:h2|font_size:18|text_align:left|color:%235f6263&#8243; use_theme_fonts=&#8221;yes&#8221;][vc_column_text]<\/p>\n<p style=\"text-align: justify;\"><span style=\"color: #000000; font-family: Futura PT Multilingual W02,Futura PT Multilingual W10,Helvetica,Arial,sans-serif !important;\">La societ\u00e0 PISCINA &amp; WELLNESS \u00e8 stata fondata nel Nord Italia, che \u00e8 stata classificata tra le aziende pi\u00f9 prestigiose in Italia per qualit\u00e0 e organizzazione, e ha ricevuto premi di qualit\u00e0 da entit\u00e0 europee. La nostra ditta e\u2019 specializzata nel produzzione di Saune, Bagno Turco, Docce emozionali, Sala del sale (terapia dell\u2019alone), Percorso Kneipp, Fontane di ghiaccio, ecc. Siamo inoltre leader nel settore delle costruzioni e degli accessori per piscine, fontane, vasche idromassaggio, centri benessere e spa. PISCINA &amp; WELLNESS ha una lunga esperienza lavorativa in Italia, Austria, Germania, Svizzera, Ucraina, Emirati Arabi Uniti, ASIA, ecc. Dal 2010 Lamthi Group ha l\u2019esclusivit\u00e0 di PISCINA &amp; WELLNESS per i Balcani.<\/span><\/p>\n<p>[\/vc_column_text][\/vc_column_inner][\/vc_row_inner]\t\t<\/div><\/div>[\/vc_column][\/vc_row][vc_row css=&#8221;.vc_custom_1608644960584{padding-top: 50px !important;padding-bottom: 70px !important;}&#8221;][vc_column][vc_custom_heading text=&#8221;I Nostri Standard&#8221; font_container=&#8221;tag:h2|font_size:23|text_align:center|color:%235f6263&#8243; use_theme_fonts=&#8221;yes&#8221;][vc_separator color=&#8221;custom&#8221; border_width=&#8221;2&#8243; el_width=&#8221;10&#8243; accent_color=&#8221;#5f6263&#8243;][vc_row_inner css=&#8221;.vc_custom_1608645061178{padding-top: -20px !important;}&#8221;][vc_column_inner width=&#8221;1\/3&#8243;]<div class=\"aio-icon-component    style_2\"><div id=\"Info-box-wrap-5933\" class=\"aio-icon-box square_box-icon\" style=\"border-color:#5f6263;border-style:solid;border-width:1px;\" data-min-height='248px' ><div class=\"aio-icon-square_box\"><div class=\"ult-just-icon-wrapper  \"><div class=\"align-icon\" style=\"text-align:center;\">\n<div class=\"aio-icon-img  uavc-circle \" style=\"font-size:60px;background:#ffffff;display:inline-block;\" >\n\t<img decoding=\"async\" class=\"img-icon\" alt=\"null\" src=\"https:\/\/pishinawellness.com\/wp-content\/uploads\/2020\/12\/target.png\"\/>\n<\/div><\/div><\/div><\/div><div class=\"aio-icon-header\" ><h3 class=\"aio-icon-title ult-responsive\"  data-ultimate-target='#Info-box-wrap-5933 .aio-icon-title'  data-responsive-json-new='{\"font-size\":\"\",\"line-height\":\"\"}'  style=\"\">Missione<\/h3><\/div> <!-- header --><div class=\"aio-icon-description ult-responsive\"  data-ultimate-target='#Info-box-wrap-5933 .aio-icon-description'  data-responsive-json-new='{\"font-size\":\"\",\"line-height\":\"\"}'  style=\"\"><\/p>\n<p style=\"text-align: center;\">La nostra missione consiste nel garantire standard sui quali tutte le azioni di una compagnia vengono costruite.<\/p>\n<p><\/div> <!-- description --><\/div> <!-- aio-icon-box --><\/div> <!-- aio-icon-component -->[\/vc_column_inner][vc_column_inner width=&#8221;1\/3&#8243;]<div class=\"aio-icon-component    style_2\"><div id=\"Info-box-wrap-9409\" class=\"aio-icon-box square_box-icon\" style=\"border-color:#5f6263;border-style:solid;border-width:1px;\" data-min-height='248px' ><div class=\"aio-icon-square_box\"><div class=\"ult-just-icon-wrapper  \"><div class=\"align-icon\" style=\"text-align:center;\">\n<div class=\"aio-icon-img  uavc-circle \" style=\"font-size:60px;background:#ffffff;display:inline-block;\" >\n\t<img decoding=\"async\" class=\"img-icon\" alt=\"null\" src=\"https:\/\/pishinawellness.com\/wp-content\/uploads\/2020\/12\/vision.png\"\/>\n<\/div><\/div><\/div><\/div><div class=\"aio-icon-header\" ><h3 class=\"aio-icon-title ult-responsive\"  data-ultimate-target='#Info-box-wrap-9409 .aio-icon-title'  data-responsive-json-new='{\"font-size\":\"\",\"line-height\":\"\"}'  style=\"\">Visione<\/h3><\/div> <!-- header --><div class=\"aio-icon-description ult-responsive\"  data-ultimate-target='#Info-box-wrap-9409 .aio-icon-description'  data-responsive-json-new='{\"font-size\":\"\",\"line-height\":\"\"}'  style=\"\"><\/p>\n<p style=\"text-align: center;\">La nostra visione consiste nell&#8217;offrire i pi\u00f9 recenti prodotti con qualit\u00e0 e design di standard europeo; di offrire i migliori prezzi in relazione alla qualit\u00e0.<\/p>\n<p><\/div> <!-- description --><\/div> <!-- aio-icon-box --><\/div> <!-- aio-icon-component -->[\/vc_column_inner][vc_column_inner width=&#8221;1\/3&#8243;]<div class=\"aio-icon-component    style_2\"><div id=\"Info-box-wrap-8986\" class=\"aio-icon-box square_box-icon\" style=\"border-color:#5f6263;border-style:solid;border-width:1px;\" data-min-height='200px' ><div class=\"aio-icon-square_box\"><div class=\"ult-just-icon-wrapper  \"><div class=\"align-icon\" style=\"text-align:center;\">\n<div class=\"aio-icon-img  uavc-circle \" style=\"font-size:60px;background:#ffffff;display:inline-block;\" >\n\t<img decoding=\"async\" class=\"img-icon\" alt=\"null\" src=\"https:\/\/pishinawellness.com\/wp-content\/uploads\/2020\/12\/conference-hall.png\"\/>\n<\/div><\/div><\/div><\/div><div class=\"aio-icon-header\" ><h3 class=\"aio-icon-title ult-responsive\"  data-ultimate-target='#Info-box-wrap-8986 .aio-icon-title'  data-responsive-json-new='{\"font-size\":\"\",\"line-height\":\"\"}'  style=\"\">Cultura aziendale<\/h3><\/div> <!-- header --><div class=\"aio-icon-description ult-responsive\"  data-ultimate-target='#Info-box-wrap-8986 .aio-icon-description'  data-responsive-json-new='{\"font-size\":\"\",\"line-height\":\"\"}'  style=\"\"><\/p>\n<p style=\"text-align: center;\">La forza dell&#8217;azienda PISCINA &amp; WELLNESS si basa su credibilit\u00e0, prezzi e qualit\u00e0. Sviluppiamo l&#8217;integrit\u00e0 e rispettiamo l&#8217;etica del business per mantenere le relazioni con i nostri clienti.<\/p>\n<p><\/div> <!-- description --><\/div> <!-- aio-icon-box --><\/div> <!-- aio-icon-component -->[\/vc_column_inner][\/vc_row_inner][\/vc_column][\/vc_row][vc_row bg_type=&#8221;image&#8221; parallax_style=&#8221;vcpb-default&#8221; bg_image_new=&#8221;id^120|url^https:\/\/pishinawellness.com\/wp-content\/uploads\/2020\/12\/slider-spa-hammam.jpg|caption^null|alt^null|title^slider-spa-hammam|description^null&#8221; bg_img_attach=&#8221;fixed&#8221; bg_override=&#8221;ex-full&#8221; enable_overlay=&#8221;enable_overlay_value&#8221; overlay_color=&#8221;#5f6263&#8243; overlay_pattern_opacity=&#8221;0.3&#8243;][vc_column css=&#8221;.vc_custom_1604485600429{padding-top: 200px !important;padding-bottom: 200px !important;}&#8221;][vc_custom_heading text=&#8221;PISCINA &amp; WELLNESS SINCE 1977&#8243; font_container=&#8221;tag:h2|font_size:30|text_align:center|color:%23ffffff&#8221; use_theme_fonts=&#8221;yes&#8221;][vc_custom_heading text=&#8221;La forza dell\u2019azienda PISCINA WELLNESS risede nella competenza, nei prezzi e nella qualit\u00e0&#8221; font_container=&#8221;tag:h4|text_align:center|color:%23ffffff&#8221; use_theme_fonts=&#8221;yes&#8221;][\/vc_column][\/vc_row]<\/p>\n<\/div>","protected":false},"excerpt":{"rendered":"<p>[vc_row full_width=&#8221;stretch_row_content&#8221; bg_type=&#8221;image&#8221; bg_override=&#8221;ex-full&#8221; css=&#8221;.vc_custom_1608643071877{background-color: rgba(183,184,187,0.2) !important;*background-color: rgb(183,184,187) !important;}&#8221;][vc_column width=&#8221;1\/2&#8243; offset=&#8221;vc_hidden-md vc_hidden-sm vc_hidden-xs&#8221;][vc_single_image image=&#8221;1905&#8243; img_size=&#8221;1024X450&#8243;][\/vc_column][vc_column width=&#8221;1\/2&#8243; offset=&#8221;vc_hidden-md vc_hidden-sm vc_hidden-xs&#8221;][\/vc_column][\/vc_row][vc_row css=&#8221;.vc_custom_1608644960584{padding-top: 50px !important;padding-bottom: 70px !important;}&#8221;][vc_column][vc_custom_heading text=&#8221;I Nostri Standard&#8221; font_container=&#8221;tag:h2|font_size:23|text_align:center|color:%235f6263&#8243; use_theme_fonts=&#8221;yes&#8221;][vc_separator color=&#8221;custom&#8221; border_width=&#8221;2&#8243; el_width=&#8221;10&#8243; accent_color=&#8221;#5f6263&#8243;][vc_row_inner css=&#8221;.vc_custom_1608645061178{padding-top: -20px !important;}&#8221;][vc_column_inner width=&#8221;1\/3&#8243;][\/vc_column_inner][vc_column_inner width=&#8221;1\/3&#8243;][\/vc_column_inner][vc_column_inner width=&#8221;1\/3&#8243;][\/vc_column_inner][\/vc_row_inner][\/vc_column][\/vc_row][vc_row bg_type=&#8221;image&#8221; parallax_style=&#8221;vcpb-default&#8221; bg_image_new=&#8221;id^120|url^https:\/\/pishinawellness.com\/wp-content\/uploads\/2020\/12\/slider-spa-hammam.jpg|caption^null|alt^null|title^slider-spa-hammam|description^null&#8221; bg_img_attach=&#8221;fixed&#8221; bg_override=&#8221;ex-full&#8221; enable_overlay=&#8221;enable_overlay_value&#8221; overlay_color=&#8221;#5f6263&#8243; overlay_pattern_opacity=&#8221;0.3&#8243;][vc_column css=&#8221;.vc_custom_1604485600429{padding-top: 200px !important;padding-bottom: 200px !important;}&#8221;][vc_custom_heading text=&#8221;PISCINA &amp; WELLNESS&hellip;<\/p>\n","protected":false},"author":1,"featured_media":0,"parent":0,"menu_order":0,"comment_status":"closed","ping_status":"closed","template":"","meta":{"footnotes":""},"class_list":["post-167","page","type-page","status-publish","hentry","description-off"],"_links":{"self":[{"href":"https:\/\/pishinawellness.com\/index.php\/wp-json\/wp\/v2\/pages\/167","targetHints":{"allow":["GET"]}}],"collection":[{"href":"https:\/\/pishinawellness.com\/index.php\/wp-json\/wp\/v2\/pages"}],"about":[{"href":"https:\/\/pishinawellness.com\/index.php\/wp-json\/wp\/v2\/types\/page"}],"author":[{"embeddable":true,"href":"https:\/\/pishinawellness.com\/index.php\/wp-json\/wp\/v2\/users\/1"}],"replies":[{"embeddable":true,"href":"https:\/\/pishinawellness.com\/index.php\/wp-json\/wp\/v2\/comments?post=167"}],"version-history":[{"count":18,"href":"https:\/\/pishinawellness.com\/index.php\/wp-json\/wp\/v2\/pages\/167\/revisions"}],"predecessor-version":[{"id":1908,"href":"https:\/\/pishinawellness.com\/index.php\/wp-json\/wp\/v2\/pages\/167\/revisions\/1908"}],"wp:attachment":[{"href":"https:\/\/pishinawellness.com\/index.php\/wp-json\/wp\/v2\/media?parent=167"}],"curies":[{"name":"wp","href":"https:\/\/api.w.org\/{rel}","templated":true}]}}